{"id":2366,"date":"2025-05-06T10:08:01","date_gmt":"2025-05-06T08:08:01","guid":{"rendered":"https:\/\/pulsschlag24.com\/produkt\/atacama-atabites-smd-z-7hd-fyldmateriale-til-hi-fi-moebler-og-hoejttalerstativer\/"},"modified":"2025-05-06T10:08:01","modified_gmt":"2025-05-06T08:08:01","slug":"atacama-atabites-smd-z-7hd-fyldmateriale-til-hi-fi-moebler-og-hoejttalerstativer","status":"publish","type":"product","link":"https:\/\/pulsschlag24.com\/da\/produkt\/atacama-atabites-smd-z-7hd-fyldmateriale-til-hi-fi-moebler-og-hoejttalerstativer\/","title":{"rendered":"Atacama Atabites SMD-Z 7HD \u2013 Fyldmateriale til hi-fi-m\u00f8bler og h\u00f8jttalerstativer"},"content":{"rendered":"<p>For at opn\u00e5 den bedst mulige lyd fra din h\u00f8jttalerstand, anbefales det, at hovedkolonnerne fyldes med et inert fyldstof med h\u00f8j densitet.<br \/>\nDette stabiliserer platformen og er perfekt til f.eks. at placere reolh\u00f8jttalere p\u00e5.<br \/>\nVed at justere m\u00e6ngden af fyldstof, der anvendes, kan du eksperimentere for at finde den optimale m\u00e6ngde fyldstof, der passer til dine h\u00f8jttalere.<br \/>\nAtabites har en omtrentlig densitet p\u00e5 2403 KG\/m\u00b2 sammenlignet med t\u00f8rt sand, som har en typisk klassificering p\u00e5 kun 1442 KG\/m\u00b2.<br \/>\nFyldstoffet Atabites SMD-Z 7HD med nye zinkbelagte mikrodisker har en ensartet partikelst\u00f8rrelse med konsistent lydydelse.<br \/>\nZinkbel\u00e6gningen tilf\u00f8jer masse, beskytter fyldstoffet mod oxidation og nedbrydning og forbedrer samtidig det visuelle udseende.<br \/>\nBem\u00e6rk venligst: Atabites leveres efter v\u00e6gt og ikke efter volumen. (7 kg spand). Under transporten kan der forekomme en vis bundf\u00e6ldning af indholdet.<br \/>\nHer er det maksimale omtrentlige v\u00e6gt af Atabites, som kan bruges til hvert h\u00f8jttalerpar:<br \/>\nNexus 5i = 7 kg; Nexus 6i = 8,2 kg; Nexus 7i = 12,2 kg; Nexus10i = 21 kg.<br \/>\nMoseco 5 = 7 kg; Moseco 6 = 10,4 kg; Moseco 7 = 12,2 kg; Moseco 10 = 21 kg.<br \/>\nMoseco XL500 = 35 kg; Moseco XL600 = 42 kg<br \/>\nSLX200 = 7 kg; SLX300 = 14 kg; SLX400 = 21 kg; SLX500 = 28 kg; SLX600 = 35 kg; SLX700 = 42 kg; SLX1000 = 49 kg.<br \/>\nLydresultaterne afh\u00e6nger af h\u00f8jttalerens placering, h\u00f8jttalerens type, rummets st\u00f8rrelse, typen af elektronik og kabelf\u00f8ring, lyttepositionen og personlig smag.<br \/>\nSom regel opn\u00e5s dog de bedste resultater, n\u00e5r stativerne er fyldt til cirka halvdelen til to tredjedele.<\/p>\n","protected":false},"excerpt":{"rendered":"<p>\u2713 H\u00f8jdensitetsballastmateriale af h\u00f8j kvalitet<br \/>\n\u2713 De zinkbelagte mikroscheiber absorberer vibrationer fra vibrerende genstande<br \/>\n\u2713 Passer perfekt til n\u00e6sten alle Atacama h\u00f8jttalerstandere<\/p>\n","protected":false},"featured_media":1598,"comment_status":"open","ping_status":"closed","template":"","meta":[],"product_brand":[],"product_cat":[269,274],"product_tag":[],"class_list":{"0":"post-2366","1":"product","2":"type-product","3":"status-publish","4":"has-post-thumbnail","6":"product_cat-tilbehoer","7":"product_cat-tilbehoer-hoejttalerstativer","8":"product_shipping_class-op-til-10-kg","9":"pa_farbe-soelv","10":"pa_gewicht-7-kg-ca-16-l-volumen","11":"pa_material-hoejdensitets-ballastmateriale-zinkbelagte-mikrodisketter","12":"tm-has-options","14":"first","15":"instock","16":"taxable","17":"shipping-taxable","18":"purchasable","19":"product-type-simple"},"_links":{"self":[{"href":"https:\/\/pulsschlag24.com\/da\/wp-json\/wp\/v2\/product\/2366","targetHints":{"allow":["GET"]}}],"collection":[{"href":"https:\/\/pulsschlag24.com\/da\/wp-json\/wp\/v2\/product"}],"about":[{"href":"https:\/\/pulsschlag24.com\/da\/wp-json\/wp\/v2\/types\/product"}],"replies":[{"embeddable":true,"href":"https:\/\/pulsschlag24.com\/da\/wp-json\/wp\/v2\/comments?post=2366"}],"wp:featuredmedia":[{"embeddable":true,"href":"https:\/\/pulsschlag24.com\/da\/wp-json\/wp\/v2\/media\/1598"}],"wp:attachment":[{"href":"https:\/\/pulsschlag24.com\/da\/wp-json\/wp\/v2\/media?parent=2366"}],"wp:term":[{"taxonomy":"product_brand","embeddable":true,"href":"https:\/\/pulsschlag24.com\/da\/wp-json\/wp\/v2\/product_brand?post=2366"},{"taxonomy":"product_cat","embeddable":true,"href":"https:\/\/pulsschlag24.com\/da\/wp-json\/wp\/v2\/product_cat?post=2366"},{"taxonomy":"product_tag","embeddable":true,"href":"https:\/\/pulsschlag24.com\/da\/wp-json\/wp\/v2\/product_tag?post=2366"}],"curies":[{"name":"wp","href":"https:\/\/api.w.org\/{rel}","templated":true}]}}