{"id":2365,"date":"2025-05-06T10:08:01","date_gmt":"2025-05-06T08:08:01","guid":{"rendered":"https:\/\/pulsschlag24.com\/produkt\/atacama-hd-l-skiver-sort\/"},"modified":"2026-04-22T14:02:54","modified_gmt":"2026-04-22T12:02:54","slug":"atacama-hd-l-skiver-sort","status":"publish","type":"product","link":"https:\/\/pulsschlag24.com\/da\/produkt\/atacama-hd-l-skiver-sort\/","title":{"rendered":"Atacama HD-L \u2013 Skiver \u2013 sort"},"content":{"rendered":"<p>Atacama High Density-skiver er fremstillet af en kobber\/zink-legering og har et hul i toppen, s\u00e5 spidsen er let at finde. P\u00e5 undersiden er der en skridsikker EPDM-elastomermembran, der er udviklet til at beskytte f\u00f8lsomme gulvbel\u00e6gninger og underst\u00f8tte lydd\u00e6mpningen. Hver skive har en diameter p\u00e5 25 mm, s\u00e5 HD-L er velegnet til de fleste h\u00f8jttalerstativer og hi-fi-rack-anvendelser og kan fordele en maksimal samlet v\u00e6gt p\u00e5 125 kg p\u00e5 alle skiver.  <\/p>\n","protected":false},"excerpt":{"rendered":"<p>\u2713 absorberer vibrationer fra vibrerende genstande<br \/>\n\u2713 h\u00f8j kvalitet<br \/>\n\u2713 passer perfekt til n\u00e6sten alle Atacama-stativer<\/p>\n","protected":false},"featured_media":1604,"comment_status":"open","ping_status":"closed","template":"","meta":[],"product_brand":[1078],"product_cat":[269,272],"product_tag":[],"class_list":{"0":"post-2365","1":"product","2":"type-product","3":"status-publish","4":"has-post-thumbnail","6":"product_brand-atacama","7":"product_cat-tilbehoer","8":"product_cat-tilbehoer-hi-fi-racks","9":"product_shipping_class-op-til-2-kg","10":"pa_durchmesser-25-mm-da","11":"pa_farbe-mat-sort","12":"pa_maximalbelastung-125-kg-4-stk","13":"tm-has-options","15":"first","16":"instock","17":"taxable","18":"shipping-taxable","19":"purchasable","20":"product-type-simple"},"_links":{"self":[{"href":"https:\/\/pulsschlag24.com\/da\/wp-json\/wp\/v2\/product\/2365","targetHints":{"allow":["GET"]}}],"collection":[{"href":"https:\/\/pulsschlag24.com\/da\/wp-json\/wp\/v2\/product"}],"about":[{"href":"https:\/\/pulsschlag24.com\/da\/wp-json\/wp\/v2\/types\/product"}],"replies":[{"embeddable":true,"href":"https:\/\/pulsschlag24.com\/da\/wp-json\/wp\/v2\/comments?post=2365"}],"wp:featuredmedia":[{"embeddable":true,"href":"https:\/\/pulsschlag24.com\/da\/wp-json\/wp\/v2\/media\/1604"}],"wp:attachment":[{"href":"https:\/\/pulsschlag24.com\/da\/wp-json\/wp\/v2\/media?parent=2365"}],"wp:term":[{"taxonomy":"product_brand","embeddable":true,"href":"https:\/\/pulsschlag24.com\/da\/wp-json\/wp\/v2\/product_brand?post=2365"},{"taxonomy":"product_cat","embeddable":true,"href":"https:\/\/pulsschlag24.com\/da\/wp-json\/wp\/v2\/product_cat?post=2365"},{"taxonomy":"product_tag","embeddable":true,"href":"https:\/\/pulsschlag24.com\/da\/wp-json\/wp\/v2\/product_tag?post=2365"}],"curies":[{"name":"wp","href":"https:\/\/api.w.org\/{rel}","templated":true}]}}