{"id":2362,"date":"2025-05-06T10:08:01","date_gmt":"2025-05-06T08:08:01","guid":{"rendered":"https:\/\/pulsschlag24.com\/produkt\/atacama-isolation-gel-pads-til-hoejttalerstativer-8-stk-klar\/"},"modified":"2025-05-06T10:08:01","modified_gmt":"2025-05-06T08:08:01","slug":"atacama-isolation-gel-pads-til-hoejttalerstativer-8-stk-klar","status":"publish","type":"product","link":"https:\/\/pulsschlag24.com\/da\/produkt\/atacama-isolation-gel-pads-til-hoejttalerstativer-8-stk-klar\/","title":{"rendered":"Atacama Isolation Gel Pads til h\u00f8jttalerstativer \u2013 8 stk. \u2013 klar"},"content":{"rendered":"<p>Disse gelpuder fastg\u00f8res til den \u00f8verste plade p\u00e5 h\u00f8jttalerstativet og danner en stabil, skridsikker og vibrationsd\u00e6mpende platform til din reol- eller gulvh\u00f8jttaler. F\u00e5 den bedste lyd ud af dine h\u00f8jttalere med denne enkle, men effektive l\u00f8sning. Fremstillet af et h\u00f8jtydende polyurethan-elastomer, der b\u00e5de er skridsikkert og ridsefast og giver en fremragende lyd- og vibrationsd\u00e6mpning.  <\/p>\n","protected":false},"excerpt":{"rendered":"<p>\u2713 Gelpuder giver fremragende lyd- og vibrationsisolering<br \/>\n\u2713 De fastg\u00f8res p\u00e5 hovedpladerne p\u00e5 h\u00f8jttalerstativerne<br \/>\n\u2713 Passer perfekt til alle Atacama h\u00f8jttalerstativer<\/p>\n","protected":false},"featured_media":1612,"comment_status":"open","ping_status":"closed","template":"","meta":[],"product_brand":[],"product_cat":[269,274],"product_tag":[],"class_list":{"0":"post-2362","1":"product","2":"type-product","3":"status-publish","4":"has-post-thumbnail","6":"product_cat-tilbehoer","7":"product_cat-tilbehoer-hoejttalerstativer","8":"product_shipping_class-op-til-2-kg","9":"pa_durchmesser-20-mm-da","10":"pa_farbe-klar-da","11":"pa_hoehe-10-mm-da","12":"tm-has-options","14":"first","15":"instock","16":"taxable","17":"shipping-taxable","18":"purchasable","19":"product-type-simple"},"_links":{"self":[{"href":"https:\/\/pulsschlag24.com\/da\/wp-json\/wp\/v2\/product\/2362","targetHints":{"allow":["GET"]}}],"collection":[{"href":"https:\/\/pulsschlag24.com\/da\/wp-json\/wp\/v2\/product"}],"about":[{"href":"https:\/\/pulsschlag24.com\/da\/wp-json\/wp\/v2\/types\/product"}],"replies":[{"embeddable":true,"href":"https:\/\/pulsschlag24.com\/da\/wp-json\/wp\/v2\/comments?post=2362"}],"wp:featuredmedia":[{"embeddable":true,"href":"https:\/\/pulsschlag24.com\/da\/wp-json\/wp\/v2\/media\/1612"}],"wp:attachment":[{"href":"https:\/\/pulsschlag24.com\/da\/wp-json\/wp\/v2\/media?parent=2362"}],"wp:term":[{"taxonomy":"product_brand","embeddable":true,"href":"https:\/\/pulsschlag24.com\/da\/wp-json\/wp\/v2\/product_brand?post=2362"},{"taxonomy":"product_cat","embeddable":true,"href":"https:\/\/pulsschlag24.com\/da\/wp-json\/wp\/v2\/product_cat?post=2362"},{"taxonomy":"product_tag","embeddable":true,"href":"https:\/\/pulsschlag24.com\/da\/wp-json\/wp\/v2\/product_tag?post=2362"}],"curies":[{"name":"wp","href":"https:\/\/api.w.org\/{rel}","templated":true}]}}