{"id":2357,"date":"2025-05-06T10:08:01","date_gmt":"2025-05-06T08:08:01","guid":{"rendered":"https:\/\/pulsschlag24.com\/produkt\/atacama-m6-pigge-med-kontramoetrikker-saet-med-8-stk-soelv-til-hoejttalerstativer-og-hi-fi-moebler\/"},"modified":"2025-05-06T10:08:01","modified_gmt":"2025-05-06T08:08:01","slug":"atacama-m6-pigge-med-kontramoetrikker-saet-med-8-stk-soelv-til-hoejttalerstativer-og-hi-fi-moebler","status":"publish","type":"product","link":"https:\/\/pulsschlag24.com\/da\/produkt\/atacama-m6-pigge-med-kontramoetrikker-saet-med-8-stk-soelv-til-hoejttalerstativer-og-hi-fi-moebler\/","title":{"rendered":"Atacama M6 pigge med kontram\u00f8trikker \u2013 s\u00e6t med 8 stk. \u2013 s\u00f8lv \u2013 til h\u00f8jttalerstativer og hi-fi-m\u00f8bler"},"content":{"rendered":"<p>Disse h\u00f8jkvalitets M6-spikes fastg\u00f8res til undersiden af basplader p\u00e5 h\u00f8jttalerstativer eller andre hi-fi-m\u00f8bler. De er ogs\u00e5 velegnede til montering p\u00e5 visse standerh\u00f8jttalere. <\/p>\n<p>De velforarbejdede pigge sikrer altid et stabilt fodf\u00e6ste til dit individuelle hi-fi-projekt.<\/p>\n<p>Bem\u00e6rk: Vi tilbyder ogs\u00e5 denne artikel i en lidt st\u00f8rre M8-udgave.<\/p>\n","protected":false},"excerpt":{"rendered":"<p>\u2713 Til montering p\u00e5 undersiden af baspladerne til h\u00f8jttalerstativer<br \/>\n\u2713 Passer perfekt til mange forskellige h\u00f8jttalerstativer, hi-fi-m\u00f8bler og ogs\u00e5 nogle standerh\u00f8jttalere<\/p>\n","protected":false},"featured_media":2405,"comment_status":"open","ping_status":"closed","template":"","meta":[],"product_brand":[],"product_cat":[269,272],"product_tag":[],"class_list":{"0":"post-2357","1":"product","2":"type-product","3":"status-publish","4":"has-post-thumbnail","6":"product_cat-tilbehoer","7":"product_cat-tilbehoer-hi-fi-racks","8":"product_shipping_class-op-til-2-kg","9":"tm-has-options","11":"first","12":"instock","13":"taxable","14":"shipping-taxable","15":"purchasable","16":"product-type-simple"},"_links":{"self":[{"href":"https:\/\/pulsschlag24.com\/da\/wp-json\/wp\/v2\/product\/2357","targetHints":{"allow":["GET"]}}],"collection":[{"href":"https:\/\/pulsschlag24.com\/da\/wp-json\/wp\/v2\/product"}],"about":[{"href":"https:\/\/pulsschlag24.com\/da\/wp-json\/wp\/v2\/types\/product"}],"replies":[{"embeddable":true,"href":"https:\/\/pulsschlag24.com\/da\/wp-json\/wp\/v2\/comments?post=2357"}],"wp:featuredmedia":[{"embeddable":true,"href":"https:\/\/pulsschlag24.com\/da\/wp-json\/wp\/v2\/media\/2405"}],"wp:attachment":[{"href":"https:\/\/pulsschlag24.com\/da\/wp-json\/wp\/v2\/media?parent=2357"}],"wp:term":[{"taxonomy":"product_brand","embeddable":true,"href":"https:\/\/pulsschlag24.com\/da\/wp-json\/wp\/v2\/product_brand?post=2357"},{"taxonomy":"product_cat","embeddable":true,"href":"https:\/\/pulsschlag24.com\/da\/wp-json\/wp\/v2\/product_cat?post=2357"},{"taxonomy":"product_tag","embeddable":true,"href":"https:\/\/pulsschlag24.com\/da\/wp-json\/wp\/v2\/product_tag?post=2357"}],"curies":[{"name":"wp","href":"https:\/\/api.w.org\/{rel}","templated":true}]}}