{"id":2353,"date":"2025-05-06T10:08:01","date_gmt":"2025-05-06T08:08:01","guid":{"rendered":"https:\/\/pulsschlag24.com\/produkt\/atacama-moseco-nexxus-top-plate-option-pack-160-mm-x-220-mm-sort\/"},"modified":"2025-05-06T10:08:01","modified_gmt":"2025-05-06T08:08:01","slug":"atacama-moseco-nexxus-top-plate-option-pack-160-mm-x-220-mm-sort","status":"publish","type":"product","link":"https:\/\/pulsschlag24.com\/da\/produkt\/atacama-moseco-nexxus-top-plate-option-pack-160-mm-x-220-mm-sort\/","title":{"rendered":"Atacama Moseco + NeXXus \u2013 Top Plate Option Pack \u2013 160 mm x 220 mm \u2013 sort"},"content":{"rendered":"<p>Disse topplade-tilbeh\u00f8rspakker er designet, s\u00e5 de passer til n\u00e6sten hele sortimentet af NeXXus- og Moseco-h\u00f8jttalerstandere (undtagen Moseco 10).<br \/>\nDenne st\u00f8rre topplade med en bredde p\u00e5 160 mm og en dybde p\u00e5 220 mm bidrager til at sikre, at hi-fi-produkter st\u00e5r endnu mere stabilt.<br \/>\nPakken best\u00e5r af to plader, og begge er lavet af 4 mm \u00bbsatinsort\u00ab lakeret st\u00e5l.<br \/>\nDisse pr\u00e6cisionslasersk\u00e5rne topplader leveres som par og kan eftermonteres p\u00e5 alle NeXXus- og Moseco-h\u00f8jttalerstativer, med undtagelse af Moseco 10.<br \/>\nDette tilbeh\u00f8r er fremstillet i Storbritannien af firmaet Atacama.<br \/>\nBem\u00e6rk: Isolationsgelpuder er ikke inkluderet, men kan bestilles separat.<\/p>\n","protected":false},"excerpt":{"rendered":"<p>\u2713 Kvalitets tilbeh\u00f8r til h\u00f8jttalerstativer i Moseco- og NeXXus-serien fra Atacama<br \/>\n\u2713 H\u00f8jkvalitets topplader med en bredde p\u00e5 160 mm og en dybde p\u00e5 220 mm<br \/>\n\u2713 Hj\u00e6lper dermed med at sikre, at hi-fi-produkter st\u00e5r mere stabilt p\u00e5 stativerne<\/p>\n","protected":false},"featured_media":1554,"comment_status":"open","ping_status":"closed","template":"","meta":[],"product_brand":[],"product_cat":[269,274],"product_tag":[],"class_list":{"0":"post-2353","1":"product","2":"type-product","3":"status-publish","4":"has-post-thumbnail","6":"product_cat-tilbehoer","7":"product_cat-tilbehoer-hoejttalerstativer","8":"product_shipping_class-op-til-5-kg","9":"pa_farbe-mat-sort","10":"pa_gewicht-22-kg-da","11":"pa_masse-160-mm-x-220-mm-da","12":"pa_material-lakeret-staal","13":"tm-has-options","15":"first","16":"outofstock","17":"taxable","18":"shipping-taxable","19":"purchasable","20":"product-type-simple"},"_links":{"self":[{"href":"https:\/\/pulsschlag24.com\/da\/wp-json\/wp\/v2\/product\/2353","targetHints":{"allow":["GET"]}}],"collection":[{"href":"https:\/\/pulsschlag24.com\/da\/wp-json\/wp\/v2\/product"}],"about":[{"href":"https:\/\/pulsschlag24.com\/da\/wp-json\/wp\/v2\/types\/product"}],"replies":[{"embeddable":true,"href":"https:\/\/pulsschlag24.com\/da\/wp-json\/wp\/v2\/comments?post=2353"}],"wp:featuredmedia":[{"embeddable":true,"href":"https:\/\/pulsschlag24.com\/da\/wp-json\/wp\/v2\/media\/1554"}],"wp:attachment":[{"href":"https:\/\/pulsschlag24.com\/da\/wp-json\/wp\/v2\/media?parent=2353"}],"wp:term":[{"taxonomy":"product_brand","embeddable":true,"href":"https:\/\/pulsschlag24.com\/da\/wp-json\/wp\/v2\/product_brand?post=2353"},{"taxonomy":"product_cat","embeddable":true,"href":"https:\/\/pulsschlag24.com\/da\/wp-json\/wp\/v2\/product_cat?post=2353"},{"taxonomy":"product_tag","embeddable":true,"href":"https:\/\/pulsschlag24.com\/da\/wp-json\/wp\/v2\/product_tag?post=2353"}],"curies":[{"name":"wp","href":"https:\/\/api.w.org\/{rel}","templated":true}]}}