{"id":2352,"date":"2025-05-06T09:54:58","date_gmt":"2025-05-06T07:54:58","guid":{"rendered":"https:\/\/pulsschlag24.com\/produkt\/atacama-hms-2x-hoejttalerstativ-high-mass-600-mm-til-tunge-belastninger-sort\/"},"modified":"2025-05-06T09:54:58","modified_gmt":"2025-05-06T07:54:58","slug":"atacama-hms-2x-hoejttalerstativ-high-mass-600-mm-til-tunge-belastninger-sort","status":"publish","type":"product","link":"https:\/\/pulsschlag24.com\/da\/produkt\/atacama-hms-2x-hoejttalerstativ-high-mass-600-mm-til-tunge-belastninger-sort\/","title":{"rendered":"Atacama HMS 2X \u2013 h\u00f8jttalerstativ High\u2013Mass \u2013 600 mm \u2013 til tunge belastninger \u2013 sort"},"content":{"rendered":"<p>HMS-serien er Atacamas referencestativserie og kommer til sin ret, n\u00e5r der er behov for en st\u00f8rre topplade.<br \/>\nHMS-serien best\u00e5r af et design med fire s\u00f8jler og tilbyder en ret stabil platform til placering af st\u00f8rre reolh\u00f8jttalere og andet teknisk udstyr. Isolerende gelpuder fra Atacama og moderne kabelstyring er ogs\u00e5 en del af disse smarte h\u00f8jttalerstativer.<br \/>\nAtacama HMS 2X (High-Mass Stand 2X) er udviklet i samarbejde med ProAc, en af de mest anerkendte britiske h\u00f8jttalerproducenter, og har en stor 200 mm x 225 mm d\u00e6kplade.<br \/>\nHMS 2X er udviklet til alle, der s\u00f8ger en h\u00f8jttalerstand i referencekvalitet. Disse h\u00f8jttalerstande tilbyder 30 % h\u00f8jere masseb\u00e6reevne i professionel kvalitet end den tilsvarende SLX-serie fra Atacama. N\u00e5r hvert par er fuldt belastet med Atabites, giver HMS 2X dig den ultimative platform til at optimere dine h\u00f8jttaleres ydeevne.<br \/>\nDisse h\u00f8jkvalitets fodstativer\/h\u00f8jttalerstativer fra Atacama er specielt udviklet med henblik p\u00e5 design og konstruktion til kr\u00e6vende lydentusiaster.<br \/>\nStativerne er ekstremt stabile og minimerer overf\u00f8rslen af vibrationer fra kabinettet.<br \/>\nMed en h\u00f8jde p\u00e5 600 centimeter (uden isolerende gelpuder og gulvspidser) sikrer HMS 2X en optimal placering af h\u00f8jttalerne.<br \/>\nH\u00f8jttalerstativerne er fremstillet af tykt st\u00e5l med meget stabile fastg\u00f8relser for at opn\u00e5 optimal stivhed.<br \/>\nFor at forbedre ydeevnen leveres HMS-serien altid med isolerende gelpuder som standardudstyr.<br \/>\nDisse puder beskytter h\u00f8jttalerens underside, reducerer risikoen for, at den glider, og skaber en d\u00e6mpningsbarriere ved h\u00f8jttaleren, hvilket forbedrer lydkvaliteten.<br \/>\nGulvspikes leveres ogs\u00e5 som standard.<br \/>\nFor at beskytte f\u00f8lsomme gulvbel\u00e6gninger kan du hos os ogs\u00e5 f\u00e5 specielle Atacama-underlagsskiver.<br \/>\nBem\u00e6rk: To pakker Atacama HD-L Spike-sko anbefales, hvis stativerne skal placeres p\u00e5 et f\u00f8lsomt gulvbel\u00e6gning.<br \/>\nToppladen best\u00e5r af en tyk st\u00e5lplade. HMS 2X h\u00f8jttalerstativer har topplader med en bredde p\u00e5 200 mm og en dybde p\u00e5 225 mm samt bundplader med en bredde p\u00e5 300 mm og en dybde p\u00e5 335 mm. Bem\u00e6rk: Bredden\/dybden p\u00e5 de underst\u00f8ttede h\u00f8jttalere m\u00e5 ikke overstige h\u00f8jttalerstativets dimensioner.<br \/>\nStativernes farve er \u00bbsatinsort\u00ab.<br \/>\nNormalt f\u00e5s hos os i satinsort (men kan ogs\u00e5 bestilles som en ekstraudstyr i s\u00f8lvmetallic og diamanthvid mod et till\u00e6gsgebyr).<br \/>\nH\u00f8jttalerstativerne i HMS-serien er udviklet og fremstillet i Storbritannien.<br \/>\nBem\u00e6rk: Hvis der er h\u00f8jttalere afbildet p\u00e5 billederne, er disse ikke inkluderet i leveringen.  <\/p>\n<p>Bem\u00e6rk<br \/>\nAtacama anbefaler Atabite SMD-Z 7HD inert fyldmateriale for at opn\u00e5 maksimal akustisk ydeevne.<br \/>\nAtacama anbefaler, at hvert par HMS-stativer fyldes to tredjedele med Atabite SMD-Z 7HD-fyldmateriale for at maksimere deres lydpotentiale.<br \/>\nAnbefalet m\u00e6ngde Atabite:<br \/>\nNedenfor angives det anbefalede antal spande, der skal deles mellem hver h\u00f8jttalerstativ. Alle lodrette s\u00f8jler skal fyldes ens. M\u00e6ngderne er omtrentlige og fylder ikke n\u00f8dvendigvis r\u00f8rene helt. Det anbefales, at du eksperimenterer med den n\u00f8jagtige m\u00e6ngde for at opn\u00e5 de bedste lydresultater for dit specifikke system, da h\u00f8jttalerne, rumakustikken, kabelf\u00f8ringen, placeringen af h\u00f8jttalerne og hi-fi-komponenterne bestemmer, hvor meget Atabite-fyldmateriale der skal bruges for at opn\u00e5 det bedste lydresultat fra dine h\u00f8jttalere.<br \/>\nNormalt giver ca. halvdelen til to tredjedele fyldning de bedste resultater. Hvis du opdager, at h\u00f8jttalerne ikke har high-end detaljer og lyder dump i den lave ende, betyder det normalt, at du har fyldt stativerne for meget og skal reducere lydstyrken af Atabites i hvert stativ.<br \/>\nHvis h\u00f8jttalerne er nye, anbefales det, at den n\u00f8jagtige m\u00e6ngde Atabites, der er n\u00f8dvendig, bestemmes, n\u00e5r de er spillet ind. Se instruktionerne til dine h\u00f8jttalere eller kontakt forhandleren\/producenten for at f\u00e5 anbefalinger.<br \/>\nTil HMS 2X = op til 12 spande (84 kg) kan bruges pr. par. Fyld r\u00f8rene to tredjedele for at opn\u00e5 optimale resultater.      <\/p>\n","protected":false},"excerpt":{"rendered":"<p>\u2713 HMS = referencestativ til h\u00f8jttalere<br \/>\n\u2713 inklusive store p\u00e5satte plader (200 mm x 225 mm) til st\u00f8rre h\u00f8jttalere<br \/>\n\u2713 fire st\u00f8tteben pr. stativ sikrer korrekt aflastning af tunge belastninger<\/p>\n","protected":false},"featured_media":1548,"comment_status":"open","ping_status":"closed","template":"","meta":[],"product_brand":[],"product_cat":[255,258],"product_tag":[],"class_list":{"0":"post-2352","1":"product","2":"type-product","3":"status-publish","4":"has-post-thumbnail","6":"product_cat-hoejttalerstativer","7":"product_cat-atacama-hms-da","8":"product_shipping_class-bis-30-kg-da","9":"pa_basisplatte-b-x-t-300-mm-x-335-mm-da","10":"pa_belastung-pro-staender-20-kg-da","11":"pa_deckplatte-b-x-t-200-mm-x-225-mm-da","12":"pa_gesamtgewicht-beide-staender-25-kg-da","13":"pa_gesamthoehe-645-mm-da","14":"pa_material-farbe-basisplatte-sort","15":"pa_material-farbe-staender-sort","16":"tm-has-options","18":"first","19":"instock","20":"taxable","21":"shipping-taxable","22":"purchasable","23":"product-type-simple"},"_links":{"self":[{"href":"https:\/\/pulsschlag24.com\/da\/wp-json\/wp\/v2\/product\/2352","targetHints":{"allow":["GET"]}}],"collection":[{"href":"https:\/\/pulsschlag24.com\/da\/wp-json\/wp\/v2\/product"}],"about":[{"href":"https:\/\/pulsschlag24.com\/da\/wp-json\/wp\/v2\/types\/product"}],"replies":[{"embeddable":true,"href":"https:\/\/pulsschlag24.com\/da\/wp-json\/wp\/v2\/comments?post=2352"}],"wp:featuredmedia":[{"embeddable":true,"href":"https:\/\/pulsschlag24.com\/da\/wp-json\/wp\/v2\/media\/1548"}],"wp:attachment":[{"href":"https:\/\/pulsschlag24.com\/da\/wp-json\/wp\/v2\/media?parent=2352"}],"wp:term":[{"taxonomy":"product_brand","embeddable":true,"href":"https:\/\/pulsschlag24.com\/da\/wp-json\/wp\/v2\/product_brand?post=2352"},{"taxonomy":"product_cat","embeddable":true,"href":"https:\/\/pulsschlag24.com\/da\/wp-json\/wp\/v2\/product_cat?post=2352"},{"taxonomy":"product_tag","embeddable":true,"href":"https:\/\/pulsschlag24.com\/da\/wp-json\/wp\/v2\/product_tag?post=2352"}],"curies":[{"name":"wp","href":"https:\/\/api.w.org\/{rel}","templated":true}]}}