{"id":2348,"date":"2025-05-06T09:54:49","date_gmt":"2025-05-06T07:54:49","guid":{"rendered":"https:\/\/pulsschlag24.com\/produkt\/atacama-slx400-hoejttalerstativ-445-mm-store-topplader-sort\/"},"modified":"2025-05-06T09:54:49","modified_gmt":"2025-05-06T07:54:49","slug":"atacama-slx400-hoejttalerstativ-445-mm-store-topplader-sort","status":"publish","type":"product","link":"https:\/\/pulsschlag24.com\/da\/produkt\/atacama-slx400-hoejttalerstativ-445-mm-store-topplader-sort\/","title":{"rendered":"Atacama SLX400 \u2013 h\u00f8jttalerstativ \u2013 445 mm \u2013 store topplader \u2013 sort"},"content":{"rendered":"<p>SLX-serien er Atacamas mest professionelle serie af h\u00f8jttalerstandere og kommer til sin ret, n\u00e5r der er behov for en st\u00f8rre topplade.<br \/>\nSLX-serien best\u00e5r af et design med fire s\u00f8jler og tilbyder en ret stabil platform til placering af st\u00f8rre reolh\u00f8jttalere og andet teknisk udstyr. Isolerende gelpuder fra Atacama og moderne kabelstyring er ogs\u00e5 en del af disse smarte h\u00f8jttalerstandere.<br \/>\nDisse h\u00f8jkvalitets fodstativer\/h\u00f8jttalerstativer fra Atacama er specielt udviklet med henblik p\u00e5 design og konstruktion til kr\u00e6vende lydentusiaster.<br \/>\nStativerne er ekstremt stabile og minimerer overf\u00f8rslen af vibrationer fra kabinettet.<br \/>\nMed en h\u00f8jde p\u00e5 30-70 centimeter (uden isolerende gelpuder og bundspidser) sikrer SLX-serien en optimal placering af h\u00f8jttalerne.<br \/>\nH\u00f8jttalerstativerne er fremstillet af tykt st\u00e5l med meget stabile fastg\u00f8relser for at opn\u00e5 optimal stivhed.<br \/>\nHvert SLX-stativpar best\u00e5r af nye 5 mm tykke lasersk\u00e5rne C-st\u00e5lbundplader, otte justerbare BZP 8 mm bundspidser med rustfri d\u00e6kkapper og forbedrede High-Load Trapez (HLT) isoleringsgelpuder til hovedpladerne.<br \/>\nFor at forbedre ydeevnen leveres SLX-serien altid med isolerende gelpuder som standardudstyr.<br \/>\nDisse puder beskytter h\u00f8jttalerens underside, reducerer risikoen for, at den glider, og skaber en d\u00e6mpningsbarriere ved h\u00f8jttaleren, hvilket forbedrer lydkvaliteten.<br \/>\nGulvspikes leveres ogs\u00e5 som standard.<br \/>\nFor at beskytte f\u00f8lsomme gulvbel\u00e6gninger kan du hos os ogs\u00e5 f\u00e5 specielle Atacama-underlagsskiver.<br \/>\nToppladen best\u00e5r af en tyk st\u00e5lplade. Alle SLX h\u00f8jttalerstativer har identiske standard topplader med en bredde p\u00e5 225 mm og en dybde p\u00e5 225 mm samt identiske standard bundplader med en bredde p\u00e5 305 mm og en dybde p\u00e5 305 mm. Bem\u00e6rk: Bredden\/dybden p\u00e5 de underst\u00f8ttede h\u00f8jttalere m\u00e5 ikke overstige h\u00f8jttalerstativets dimensioner.<br \/>\nStativernes farve er \u00bbsatin black\u00ab.<br \/>\nH\u00f8jttalerstativerne i SLX-serien er udviklet og fremstillet i Storbritannien.<br \/>\nSLX h\u00f8jttalerstativer fra Atacama f\u00e5s i f\u00f8lgende st\u00f8rrelser: SLX300 = 345 mm (13,6\u201d); SLX400 = 445 mm (17,5\u201d); SLX500 = 545 mm (21,5\u201d); SLX600 = 645 mm (25,4\u201d); SLX700 = 745 mm (27,5\u201d)  <\/p>\n<p>Bem\u00e6rk<br \/>\nAtacama anbefaler Atabite SMD-Z 7HD inert fyldmateriale for at opn\u00e5 maksimal akustisk ydeevne.<br \/>\nAtacama anbefaler, at hvert par SLX-stativer fyldes to tredjedele med Atabite SMD-Z 7HD-fyldmateriale for at maksimere deres lydpotentiale.<br \/>\nAnbefalet m\u00e6ngde Atabite:<br \/>\nNedenfor angives det anbefalede antal spande, der skal deles mellem hver h\u00f8jttalerstativ. Alle lodrette s\u00f8jler skal fyldes ens. M\u00e6ngderne er omtrentlige og fylder ikke n\u00f8dvendigvis r\u00f8rene helt. Det anbefales, at du eksperimenterer med den n\u00f8jagtige m\u00e6ngde for at opn\u00e5 de bedste lydresultater for dit specifikke system, da h\u00f8jttalerne, rumakustikken, kabelf\u00f8ringen, placeringen af h\u00f8jttalerne og hi-fi-komponenterne bestemmer, hvor meget Atabite-fyldmateriale der skal bruges for at opn\u00e5 det bedste lydresultat fra dine h\u00f8jttalere.<br \/>\nNormalt giver ca. halvdelen til to tredjedele fyldning de bedste resultater. Hvis du opdager, at h\u00f8jttalerne ikke har high-end detaljer og lyder dump i den lave ende, betyder det normalt, at du har fyldt stativerne for meget og skal reducere lydstyrken af Atabites i hvert stativ.<br \/>\nHvis h\u00f8jttalerne er nye, anbefales det, at den n\u00f8jagtige m\u00e6ngde Atabites, der er n\u00f8dvendig, bestemmes, n\u00e5r de er spillet ind. Se instruktionerne til dine h\u00f8jttalere eller kontakt forhandleren\/producenten for at f\u00e5 anbefalinger.<br \/>\nSLX300 = 2 spande; SLX400 = 3 spande; SLX500 = 4 spande; SLX600 = 5 spande; SLX700 = 6 spande     <\/p>\n","protected":false},"excerpt":{"rendered":"<p>\u2713 fire st\u00f8tteben pr. stativ sikrer tunge belastninger<br \/>\n\u2713 inklusive store p\u00e5s\u00e6tningsplader til st\u00f8rre h\u00f8jttalere<br \/>\n\u2713 inklusive isolerende gelpuder fra Atacama<br \/>\n\u2713 universelt anvendelig<\/p>\n","protected":false},"featured_media":1508,"comment_status":"open","ping_status":"closed","template":"","meta":[],"product_brand":[],"product_cat":[255,264],"product_tag":[],"class_list":{"0":"post-2348","1":"product","2":"type-product","3":"status-publish","4":"has-post-thumbnail","6":"product_cat-hoejttalerstativer","7":"product_cat-atacama-slx-da","8":"product_shipping_class-op-til-20-kg","9":"pa_basisplatte-b-x-t-305-mm-x-305-mm-da","10":"pa_belastung-pro-staender-15-kg-da","11":"pa_deckplatte-b-x-t-225-mm-x-225-mm-da","12":"pa_gesamthoehe-445-mm-da","13":"pa_material-farbe-basisplatte-sort","14":"pa_material-farbe-staender-sort","15":"tm-has-options","17":"first","18":"instock","19":"taxable","20":"shipping-taxable","21":"purchasable","22":"product-type-simple"},"_links":{"self":[{"href":"https:\/\/pulsschlag24.com\/da\/wp-json\/wp\/v2\/product\/2348","targetHints":{"allow":["GET"]}}],"collection":[{"href":"https:\/\/pulsschlag24.com\/da\/wp-json\/wp\/v2\/product"}],"about":[{"href":"https:\/\/pulsschlag24.com\/da\/wp-json\/wp\/v2\/types\/product"}],"replies":[{"embeddable":true,"href":"https:\/\/pulsschlag24.com\/da\/wp-json\/wp\/v2\/comments?post=2348"}],"wp:featuredmedia":[{"embeddable":true,"href":"https:\/\/pulsschlag24.com\/da\/wp-json\/wp\/v2\/media\/1508"}],"wp:attachment":[{"href":"https:\/\/pulsschlag24.com\/da\/wp-json\/wp\/v2\/media?parent=2348"}],"wp:term":[{"taxonomy":"product_brand","embeddable":true,"href":"https:\/\/pulsschlag24.com\/da\/wp-json\/wp\/v2\/product_brand?post=2348"},{"taxonomy":"product_cat","embeddable":true,"href":"https:\/\/pulsschlag24.com\/da\/wp-json\/wp\/v2\/product_cat?post=2348"},{"taxonomy":"product_tag","embeddable":true,"href":"https:\/\/pulsschlag24.com\/da\/wp-json\/wp\/v2\/product_tag?post=2348"}],"curies":[{"name":"wp","href":"https:\/\/api.w.org\/{rel}","templated":true}]}}