{"id":2342,"date":"2025-05-06T09:54:49","date_gmt":"2025-05-06T07:54:49","guid":{"rendered":"https:\/\/pulsschlag24.com\/produkt\/atacama-moseco-xl500-hoejttalerstativ-520-mm-sort-bundplade-i-moerk-bambus\/"},"modified":"2025-12-15T15:50:48","modified_gmt":"2025-12-15T14:50:48","slug":"atacama-moseco-xl500-hoejttalerstativ-520-mm-sort-bundplade-i-moerk-bambus","status":"publish","type":"product","link":"https:\/\/pulsschlag24.com\/da\/produkt\/atacama-moseco-xl500-hoejttalerstativ-520-mm-sort-bundplade-i-moerk-bambus\/","title":{"rendered":"Atacama Moseco XL500 \u2013 h\u00f8jttalerstativ \u2013 520 mm \u2013 sort &amp; bundplade i m\u00f8rk bambus"},"content":{"rendered":"<p>Disse h\u00f8jkvalitets h\u00f8jttalerstandere fra Atacama er specielt udviklet med henblik p\u00e5 design og konstruktion til kr\u00e6vende lydentusiaster.<br \/>\nStativerne er ekstremt stabile og minimerer overf\u00f8rslen af kabinettets vibrationer.<br \/>\nMed en h\u00f8jde p\u00e5 over 50 centimeter er optimal placering af h\u00f8jttalerne garanteret.<br \/>\nMoseco XL500 h\u00f8jttalerstandere forener alle de \u00e6stetiske og lydm\u00e6ssige fordele ved bambus med dobbeltkulstofst\u00e5lst\u00e6ngernes tilpasningsevne, styrke og stabilitet. Disse st\u00e6nger best\u00e5r af en 75 mm frontstang og to 50 mm bagst\u00e6nger.<br \/>\nSom flagskib i Moseco-produktsortimentet introduceres her Moseco XL h\u00f8jttalerstativer, der leveres parvis og har en betydelig kulstofst\u00e5lplade med en tykkelse p\u00e5 5 mm, en bredde p\u00e5 200 mm og en dybde p\u00e5 275 mm, der er specielt designet til at kunne b\u00e6re store bogreolh\u00f8jttalere.<br \/>\nDer medf\u00f8lger ogs\u00e5 fire buede isolerende gelpuder til hver af disse \u00f8verste plader for at beskytte og d\u00e6mpe kabinettet p\u00e5 den h\u00f8jttaler, der skal b\u00e6res. Moseco XL500 har en samlet h\u00f8jde p\u00e5 520 mm uden bundspidser og gelpuder.<br \/>\nFor maksimal stabilitet er Moseco XL-stativer udviklet med en tredobbelt kulstofst\u00e5lr\u00f8rskonstruktion. Disse r\u00f8r best\u00e5r af to store bageste s\u00f8jler med en diameter p\u00e5 50 mm, som er smukt afstemt til en enkelt overdimensioneret front s\u00f8jle med en diameter p\u00e5 75 mm; alle er lakeret i en attraktiv mat sort farve. Alle tre r\u00f8r er designet, s\u00e5 de kan fyldes med Atabite SMD 7.5HD fyldstof for at tilf\u00f8je masse og reducere oversving (to pakker pr. stativ b\u00f8r v\u00e6re tilstr\u00e6kkeligt i de fleste tilf\u00e6lde).<br \/>\nMoseco XL har ogs\u00e5 h\u00e5ndlavede 40 mm tykke bambusbundplader, som b\u00e5de er \u00e6stetisk tiltalende og har akustiske fordele med hensyn til resonansd\u00e6mpning. I hvert fald klart bedre end traditionelle metal- eller glasmaterialer, der ellers bruges til design af h\u00f8jttalerbundplader. For at maksimere bambusens ydeevne er de tre st\u00e5lr\u00f8r justeret i individuelle monteringshuller, hvilket forbedrer den laterale st\u00f8tte og dermed sikrer b\u00f8jningsstivhed og stabilitet.<br \/>\nHver bambusbundplade leveres komplet med fire justerbare 8 mm glansforzinkede st\u00e5lspidser med sikkerhedsm\u00f8trikker for at hj\u00e6lpe med nivellering og sikre, at der tilf\u00f8jes et ekstra isoleringslag (to pakker Atacama HD-S spidssko kan k\u00f8bes separat, hvis det er n\u00f8dvendigt at placere stativerne p\u00e5 et f\u00f8lsomt gulvbel\u00e6gning).<br \/>\nFor ekstra stabilitet og lydd\u00e6mpning kan Atacama Mass Loading Base Plate Pack med Moseco XL anvendes.<br \/>\nAlle Moseco XL500 leveres med justerbare M6-bundspidser og mini-gelpuder, der kan fastg\u00f8res til den \u00f8verste plade for at beskytte bunden af dine h\u00f8jttalere.<br \/>\nDer er to h\u00f8jdeindstillinger til r\u00e5dighed; du kan v\u00e6lge mellem 515 mm eller 615 mm (uden pigge og isolerende gelpuder).<br \/>\nFarvevalget her er mat sort som standard, og bundpladerne leveres i m\u00f8rk bambus. Moseco XL500 h\u00f8jttalerstandere er fremstillet i Storbritannien.<br \/>\nBambus er et naturprodukt, s\u00e5 der kan forekomme mindre farveforskelle mellem pladerne, og farverne vil med tiden \u00bbmodnes\u00ab eller endda \u00e6ndre sig, hvis standerne placeres i direkte sollys. Disse lette farve\u00e6ndringer kan ogs\u00e5 forekomme, hvis man fors\u00f8ger at kombinere et par Atacama Moseco XL h\u00f8jttalerstandere med et andet Atacama-produkt, der er baseret p\u00e5 bambus. Atacama k\u00f8ber alle bambusprodukter direkte fra b\u00e6redygtigt skovbrug.   <\/p>\n","protected":false},"excerpt":{"rendered":"<p>\u2713 Smukt design og fremragende finish<br \/>\n\u2713 Stor belastbarhed og universel anvendelse<br \/>\n\u2713 Inkluderer isolerende gelpuder fra Atacama, designet og fremstillet i Storbritannien<\/p>\n","protected":false},"featured_media":1474,"comment_status":"open","ping_status":"closed","template":"","meta":[],"product_brand":[],"product_cat":[267,255,260],"product_tag":[],"class_list":{"0":"post-2342","1":"product","2":"type-product","3":"status-publish","4":"has-post-thumbnail","6":"product_cat-tilbud","7":"product_cat-hoejttalerstativer","8":"product_cat-atacama-moseco-da","9":"product_shipping_class-bis-30-kg-da","10":"pa_basisplatte-b-x-t-275-mm-x-350-mm-da","11":"pa_belastung-pro-staender-20-kg-da","12":"pa_deckplatte-b-x-t-200-mm-x-275-mm-da","13":"pa_gesamthoehe-520-mm-da","14":"pa_holzfarbe-moerk-bambus","15":"pa_material-farbe-basisplatte-moerk-bambus","16":"pa_material-farbe-staender-mat-sort","17":"tm-has-options","19":"first","20":"instock","21":"sale","22":"taxable","23":"shipping-taxable","24":"purchasable","25":"product-type-simple"},"_links":{"self":[{"href":"https:\/\/pulsschlag24.com\/da\/wp-json\/wp\/v2\/product\/2342","targetHints":{"allow":["GET"]}}],"collection":[{"href":"https:\/\/pulsschlag24.com\/da\/wp-json\/wp\/v2\/product"}],"about":[{"href":"https:\/\/pulsschlag24.com\/da\/wp-json\/wp\/v2\/types\/product"}],"replies":[{"embeddable":true,"href":"https:\/\/pulsschlag24.com\/da\/wp-json\/wp\/v2\/comments?post=2342"}],"wp:featuredmedia":[{"embeddable":true,"href":"https:\/\/pulsschlag24.com\/da\/wp-json\/wp\/v2\/media\/1474"}],"wp:attachment":[{"href":"https:\/\/pulsschlag24.com\/da\/wp-json\/wp\/v2\/media?parent=2342"}],"wp:term":[{"taxonomy":"product_brand","embeddable":true,"href":"https:\/\/pulsschlag24.com\/da\/wp-json\/wp\/v2\/product_brand?post=2342"},{"taxonomy":"product_cat","embeddable":true,"href":"https:\/\/pulsschlag24.com\/da\/wp-json\/wp\/v2\/product_cat?post=2342"},{"taxonomy":"product_tag","embeddable":true,"href":"https:\/\/pulsschlag24.com\/da\/wp-json\/wp\/v2\/product_tag?post=2342"}],"curies":[{"name":"wp","href":"https:\/\/api.w.org\/{rel}","templated":true}]}}