{"id":2340,"date":"2025-05-06T09:54:49","date_gmt":"2025-05-06T07:54:49","guid":{"rendered":"https:\/\/pulsschlag24.com\/produkt\/atacama-moseco-7-hoejttalerstativ-715-mm-sort-bundplade-i-moerk-bambus\/"},"modified":"2025-05-06T09:54:49","modified_gmt":"2025-05-06T07:54:49","slug":"atacama-moseco-7-hoejttalerstativ-715-mm-sort-bundplade-i-moerk-bambus","status":"publish","type":"product","link":"https:\/\/pulsschlag24.com\/da\/produkt\/atacama-moseco-7-hoejttalerstativ-715-mm-sort-bundplade-i-moerk-bambus\/","title":{"rendered":"Atacama Moseco 7 \u2013 h\u00f8jttalerstativ \u2013 715 mm \u2013 sort &amp; bundplade i m\u00f8rk bambus"},"content":{"rendered":"<p>Disse h\u00f8jkvalitets h\u00f8jttalerstandere fra Atacama er specielt udviklet med henblik p\u00e5 design og konstruktion til kr\u00e6vende lydentusiaster.<br \/>\nStativerne er ekstremt stabile og minimerer overf\u00f8rslen af kabinettets vibrationer.<br \/>\nMed en h\u00f8jde p\u00e5 over 70 centimeter er optimal placering af h\u00f8jttalerne garanteret.<br \/>\nKabler kan f\u00f8res gennem den bageste s\u00f8jle.<br \/>\nMoseco blev k\u00e5ret til \u00bbbedste h\u00f8jttalerstativ 2014 og 2015\u00ab af magasinet WHAT HIFI? SOUND og VISION.<br \/>\nMoseco h\u00f8jttalerstativer forener alle de \u00e6stetiske og lydm\u00e6ssige fordele ved bambus med dobbeltkulstofst\u00e5lst\u00e6ngernes tilpasningsevne, styrke og stabilitet. Disse st\u00e6nger best\u00e5r af en 50 mm frontstang og en 28 mm bagstang, der har kabelstyringsfunktioner.<br \/>\nMoseco h\u00f8jttalerstativer ser ikke kun godt ud, men passer ogs\u00e5 perfekt til de prisbel\u00f8nnede Atacama Hifi Racks-serier Eris, Elite, Evoque Design Edition og Elara, b\u00e5de i farve og stil, og er et ideelt supplement til de fleste sm\u00e5 til mellemstore bogreolsh\u00f8jttalere.<br \/>\nFor dem, der \u00f8nsker at forbedre ydeevnen af deres h\u00f8jttalere yderligere, kan Moseco-stativerne f\u00e5s med frontkolonnen fyldt med lydd\u00e6mpende materiale (en spand med Atabite SMD-Z7.5HD er ideel til et par Moseco). Det valgfri Atacama-bundplade-pakke kan ogs\u00e5 bruges til at tilf\u00f8je v\u00e6gt og stabilitet, hvis det er n\u00f8dvendigt.<br \/>\nAlle Moseco leveres med justerbare M6-bundspidser og mini-gelpuder, der kan fastg\u00f8res til den \u00f8verste plade for at beskytte bunden af dine h\u00f8jttalere.<br \/>\nFarvevalget her er mat sort som standard, og bundpladerne leveres i naturligt lys bambus som standard. Moseco h\u00f8jttalerstandere er fremstillet i Storbritannien.<br \/>\nBambus er et naturprodukt, s\u00e5 der kan forekomme mindre farveforskelle mellem pladerne, og farverne vil \u00bbmodnes\u00ab eller endda \u00e6ndre sig med tiden, hvis stativerne placeres i direkte sollys. Disse mindre farve\u00e6ndringer kan ogs\u00e5 forekomme, hvis man fors\u00f8ger at kombinere et par Moseco h\u00f8jttalerstativer med et andet Atacama-produkt, der er baseret p\u00e5 bambus. Atacama k\u00f8ber alle bambusprodukter direkte fra b\u00e6redygtigt skovbrug.      <\/p>\n","protected":false},"excerpt":{"rendered":"<p>\u2713 Smukt design og fremragende finish<br \/>\n\u2713 Stor belastbarhed og universel anvendelse<br \/>\n\u2713 Inkluderer isolerende gelpuder fra Atacama, designet og fremstillet i Storbritannien<\/p>\n","protected":false},"featured_media":1458,"comment_status":"open","ping_status":"closed","template":"","meta":[],"product_brand":[],"product_cat":[255,260],"product_tag":[],"class_list":{"0":"post-2340","1":"product","2":"type-product","3":"status-publish","4":"has-post-thumbnail","6":"product_cat-hoejttalerstativer","7":"product_cat-atacama-moseco-da","8":"product_shipping_class-op-til-20-kg","9":"pa_basisplatte-b-x-t-240-mm-x-280-mm-da","10":"pa_belastung-pro-staender-75-kg-da","11":"pa_deckplatte-b-x-t-130-mm-x-170-mm-da","12":"pa_gesamthoehe-715-mm-da","13":"pa_holzfarbe-moerk-bambus","14":"pa_material-farbe-basisplatte-moerk-bambus","15":"pa_material-farbe-staender-mat-sort","16":"tm-has-options","18":"first","19":"outofstock","20":"taxable","21":"shipping-taxable","22":"purchasable","23":"product-type-simple"},"_links":{"self":[{"href":"https:\/\/pulsschlag24.com\/da\/wp-json\/wp\/v2\/product\/2340","targetHints":{"allow":["GET"]}}],"collection":[{"href":"https:\/\/pulsschlag24.com\/da\/wp-json\/wp\/v2\/product"}],"about":[{"href":"https:\/\/pulsschlag24.com\/da\/wp-json\/wp\/v2\/types\/product"}],"replies":[{"embeddable":true,"href":"https:\/\/pulsschlag24.com\/da\/wp-json\/wp\/v2\/comments?post=2340"}],"wp:featuredmedia":[{"embeddable":true,"href":"https:\/\/pulsschlag24.com\/da\/wp-json\/wp\/v2\/media\/1458"}],"wp:attachment":[{"href":"https:\/\/pulsschlag24.com\/da\/wp-json\/wp\/v2\/media?parent=2340"}],"wp:term":[{"taxonomy":"product_brand","embeddable":true,"href":"https:\/\/pulsschlag24.com\/da\/wp-json\/wp\/v2\/product_brand?post=2340"},{"taxonomy":"product_cat","embeddable":true,"href":"https:\/\/pulsschlag24.com\/da\/wp-json\/wp\/v2\/product_cat?post=2340"},{"taxonomy":"product_tag","embeddable":true,"href":"https:\/\/pulsschlag24.com\/da\/wp-json\/wp\/v2\/product_tag?post=2340"}],"curies":[{"name":"wp","href":"https:\/\/api.w.org\/{rel}","templated":true}]}}