{"id":2329,"date":"2025-07-25T11:15:40","date_gmt":"2025-07-25T09:15:40","guid":{"rendered":"https:\/\/pulsschlag24.com\/produkt\/atacama-apollo-isolationsskiver-til-benroer-paa-hi-fi-stativer-4-stk-sort\/"},"modified":"2025-07-25T12:00:48","modified_gmt":"2025-07-25T10:00:48","slug":"atacama-apollo-isolationsskiver-til-benroer-paa-hi-fi-stativer-4-stk-sort","status":"publish","type":"product","link":"https:\/\/pulsschlag24.com\/da\/produkt\/atacama-apollo-isolationsskiver-til-benroer-paa-hi-fi-stativer-4-stk-sort\/","title":{"rendered":"Atacama APOLLO \u2013 Isolationsskiver til benr\u00f8r p\u00e5 hi-fi-stativer \u2013 4 stk. \u2013 sort"},"content":{"rendered":"<p>4-pak sorte isoleringsskiver, passer til Atacama Evoque (alle modeller), Eris 2 og Apollo Storm AV- og HiFi-stativer.<br \/>\nDisse skiver fastg\u00f8res \u00f8verst p\u00e5 benr\u00f8rene mellem benr\u00f8ret og den vandrette gr\u00e6nseflade p\u00e5 stativet.<br \/>\nSamlet bredde: 38 mm, indvendig hulbredde: 8 mm.<br \/>\nYderkanten er forsynet med en kant for bedre placering p\u00e5 benr\u00f8ret, og det indvendige hul har en kant til fastg\u00f8relse af skiven.<br \/>\nFremstillet af fleksibelt polyurethan.<\/p>\n","protected":false},"excerpt":{"rendered":"<p>\u2713 Til Atacama Evoque (alle modeller), Eris 2 og Apollo Storm AV- og HiFi-stativer<br \/>\n\u2713 Fremstillet af fleksibelt polyurethan<\/p>\n","protected":false},"featured_media":2318,"comment_status":"open","ping_status":"closed","template":"","meta":[],"product_brand":[],"product_cat":[272,269],"product_tag":[],"class_list":{"0":"post-2329","1":"product","2":"type-product","3":"status-publish","4":"has-post-thumbnail","6":"product_cat-tilbehoer-hi-fi-racks","7":"product_cat-tilbehoer","8":"product_shipping_class-op-til-2-kg","9":"tm-has-options","11":"first","12":"instock","13":"taxable","14":"shipping-taxable","15":"purchasable","16":"product-type-simple"},"_links":{"self":[{"href":"https:\/\/pulsschlag24.com\/da\/wp-json\/wp\/v2\/product\/2329","targetHints":{"allow":["GET"]}}],"collection":[{"href":"https:\/\/pulsschlag24.com\/da\/wp-json\/wp\/v2\/product"}],"about":[{"href":"https:\/\/pulsschlag24.com\/da\/wp-json\/wp\/v2\/types\/product"}],"replies":[{"embeddable":true,"href":"https:\/\/pulsschlag24.com\/da\/wp-json\/wp\/v2\/comments?post=2329"}],"wp:featuredmedia":[{"embeddable":true,"href":"https:\/\/pulsschlag24.com\/da\/wp-json\/wp\/v2\/media\/2318"}],"wp:attachment":[{"href":"https:\/\/pulsschlag24.com\/da\/wp-json\/wp\/v2\/media?parent=2329"}],"wp:term":[{"taxonomy":"product_brand","embeddable":true,"href":"https:\/\/pulsschlag24.com\/da\/wp-json\/wp\/v2\/product_brand?post=2329"},{"taxonomy":"product_cat","embeddable":true,"href":"https:\/\/pulsschlag24.com\/da\/wp-json\/wp\/v2\/product_cat?post=2329"},{"taxonomy":"product_tag","embeddable":true,"href":"https:\/\/pulsschlag24.com\/da\/wp-json\/wp\/v2\/product_tag?post=2329"}],"curies":[{"name":"wp","href":"https:\/\/api.w.org\/{rel}","templated":true}]}}