{"id":2311,"date":"2025-05-06T09:54:49","date_gmt":"2025-05-06T07:54:49","guid":{"rendered":"https:\/\/pulsschlag24.com\/produkt\/atacama-apollo-cyclone-6-hoejttalerstativ-lys-eg\/"},"modified":"2025-05-06T09:54:49","modified_gmt":"2025-05-06T07:54:49","slug":"atacama-apollo-cyclone-6-hoejttalerstativ-lys-eg","status":"publish","type":"product","link":"https:\/\/pulsschlag24.com\/da\/produkt\/atacama-apollo-cyclone-6-hoejttalerstativ-lys-eg\/","title":{"rendered":"Atacama Apollo \u2013 Cyclone 6 \u2013 h\u00f8jttalerstativ \u2013 lys eg"},"content":{"rendered":"<p>APOLLO &#8211; CYCLONE 6 er en del af Atacama Cyclone-serien.<br \/>\nDisse h\u00f8jkvalitets fodstativer\/h\u00f8jttalerstativer er specielt udviklet med henblik p\u00e5 design og konstruktion til kr\u00e6vende lydentusiaster.<br \/>\nStativerne er ekstremt stabile og minimerer overf\u00f8rslen af vibrationer fra kabinettet.<br \/>\nMed en h\u00f8jde p\u00e5 over 60 centimeter er optimal placering af h\u00f8jttalerne garanteret.<br \/>\nDe helt nye h\u00f8jttalerstandere i Cyclone-serien har en solid bundplade af massivt egetr\u00e6, der bidrager til at minimere mekaniske resonanser, og et centralt placeret r\u00f8r med en diameter p\u00e5 50,8 mm, der kan fyldes med masse for at underst\u00f8tte de anvendte h\u00f8jttalere.<br \/>\nStandardpladerne er 150 mm brede og 200 mm dybe.<br \/>\n6 mm BZP-spikes og sikkerhedsm\u00f8trikker leveres til bundpladerne for at underst\u00f8tte isolering og nivellering af stativerne. Der medf\u00f8lger mikrogelpuder til den \u00f8verste plade for at forhindre, at h\u00f8jttalerne glider, og for at d\u00e6mpe eventuel resonans fra h\u00f8jttalerkabinetterne.<br \/>\nDisse funktionelle, stemte og attraktive h\u00f8jttalerstandere i egetr\u00e6 tilbyder en fantastisk pris-ydelses-forhold og yder et v\u00e6rdifuldt bidrag til ydeevnen af dine reolh\u00f8jttalere.<br \/>\nAlle Apollo Cyclone h\u00f8jttalerstandere leveres parvis og er fremstillet i Storbritannien.<br \/>\nEgetr\u00e6 er et naturprodukt, s\u00e5 der kan forekomme mindre farveforskelle mellem bundpladerne, og farverne vil med tiden \u00bbmodnes\u00ab eller endda \u00e6ndre sig, hvis stativerne placeres i direkte sollys. Disse mindre farve\u00e6ndringer kan ogs\u00e5 forekomme, hvis man fors\u00f8ger at kombinere et par Cyclone h\u00f8jttalerstativer med et andet Atacama-produkt, der er baseret p\u00e5 egetr\u00e6. Atacama k\u00f8ber alt egetr\u00e6 til sine produkter direkte fra b\u00e6redygtige skove.<br \/>\nDer findes tre h\u00f8jder: Cyclone 5 (515 mm), Cyclone 6 (615 mm) og Cyclone 7 (715 mm).   <\/p>\n","protected":false},"excerpt":{"rendered":"<p>\u2713 Smukt design og fremragende finish<br \/>\n\u2713 Stor belastbarhed og universel anvendelse<br \/>\n\u2713 Inkluderer isolerende gelpuder fra Atacama, designet og fremstillet i Storbritannien<\/p>\n","protected":false},"featured_media":1382,"comment_status":"open","ping_status":"closed","template":"","meta":[],"product_brand":[],"product_cat":[255,256],"product_tag":[],"class_list":{"0":"post-2311","1":"product","2":"type-product","3":"status-publish","4":"has-post-thumbnail","6":"product_cat-hoejttalerstativer","7":"product_cat-atacama-apollo-cyclone-da","8":"product_shipping_class-op-til-20-kg","9":"pa_basisplatte-b-x-t-240-mm-x-300-mm-da","10":"pa_belastung-pro-staender-8-kg-da","11":"pa_deckplatte-b-x-t-150-mm-x-200-mm-da","12":"pa_gesamthoehe-615-mm-da","13":"pa_holzfarbe-lys-eg","14":"pa_material-farbe-basisplatte-lys-eg","15":"pa_material-farbe-staender-mat-sort","16":"tm-has-options","18":"first","19":"instock","20":"taxable","21":"shipping-taxable","22":"purchasable","23":"product-type-simple"},"_links":{"self":[{"href":"https:\/\/pulsschlag24.com\/da\/wp-json\/wp\/v2\/product\/2311","targetHints":{"allow":["GET"]}}],"collection":[{"href":"https:\/\/pulsschlag24.com\/da\/wp-json\/wp\/v2\/product"}],"about":[{"href":"https:\/\/pulsschlag24.com\/da\/wp-json\/wp\/v2\/types\/product"}],"replies":[{"embeddable":true,"href":"https:\/\/pulsschlag24.com\/da\/wp-json\/wp\/v2\/comments?post=2311"}],"wp:featuredmedia":[{"embeddable":true,"href":"https:\/\/pulsschlag24.com\/da\/wp-json\/wp\/v2\/media\/1382"}],"wp:attachment":[{"href":"https:\/\/pulsschlag24.com\/da\/wp-json\/wp\/v2\/media?parent=2311"}],"wp:term":[{"taxonomy":"product_brand","embeddable":true,"href":"https:\/\/pulsschlag24.com\/da\/wp-json\/wp\/v2\/product_brand?post=2311"},{"taxonomy":"product_cat","embeddable":true,"href":"https:\/\/pulsschlag24.com\/da\/wp-json\/wp\/v2\/product_cat?post=2311"},{"taxonomy":"product_tag","embeddable":true,"href":"https:\/\/pulsschlag24.com\/da\/wp-json\/wp\/v2\/product_tag?post=2311"}],"curies":[{"name":"wp","href":"https:\/\/api.w.org\/{rel}","templated":true}]}}