{"id":2306,"date":"2025-05-05T14:36:18","date_gmt":"2025-05-05T12:36:18","guid":{"rendered":"https:\/\/pulsschlag24.com\/produkt\/atacama-evoque-eco-44-16-design-edition-hi-fi-rack-245-mm-lys-bambus\/"},"modified":"2025-05-05T14:36:18","modified_gmt":"2025-05-05T12:36:18","slug":"atacama-evoque-eco-44-16-design-edition-hi-fi-rack-245-mm-lys-bambus","status":"publish","type":"product","link":"https:\/\/pulsschlag24.com\/da\/produkt\/atacama-evoque-eco-44-16-design-edition-hi-fi-rack-245-mm-lys-bambus\/","title":{"rendered":"Atacama EVOQUE ECO 44\/16 Design Edition \u2013 Hi-Fi-rack \u2013 245 mm \u2013 lys bambus"},"content":{"rendered":"<p>EVOQUE ECO 44\/16 &#8211; DESIGN EDITION-serien er teknologisk identisk med den prisbel\u00f8nnede EVOQUE ECO 60-40, men denne s\u00e6rlige h\u00e5ndlavede reol har en unik luksuri\u00f8s bejdse, som ikke findes p\u00e5 nogen anden Atacama-reol. Denne s\u00e6rlige finish p\u00e5f\u00f8res i h\u00e5nden i flere lag og kontrolleres p\u00e5 hvert trin i produktionen af Atacamas bedste h\u00e5ndv\u00e6rkere for at sikre den bedst mulige finish p\u00e5 hvert enkelt modul.<br \/>\nAlle de tre tilg\u00e6ngelige benpakker med base, 145 mm og 195 mm h\u00f8jde leveres i en \u00bbSatin Black\u00ab-finish (finishen er ikke tilg\u00e6ngelig p\u00e5 standard EVOQUE ECO-modeller). DESIGN EDITION matcher derfor det omfattende Atacama-sortiment af h\u00f8jttalerstandere.<br \/>\nEnhver kombination af hyldemoduler kan bruges og placeres p\u00e5 et basismodul op til en maksimal h\u00f8jde p\u00e5 1255 mm.<br \/>\nAlle EVOQUE ECO-modeller har mekanisk jordforbindelse via 8 mm kulstofst\u00e5lbolte gennem hvert ben og ASIST (Atacama Sonic Isolation System Technology), der er designet til at hj\u00e6lpe med at d\u00e6mpe og lede enhver h\u00f8jfrekvent resonans v\u00e6k fra det underst\u00f8ttede udstyr.<br \/>\nTr\u00e6et eller farven er lys bambus i massivt tr\u00e6. EVOQUE ECO 44\/16 &#8211; DESIGN EDITION-pladerne er fremstillet af Atacama i Storbritannien.   <\/p>\n","protected":false},"excerpt":{"rendered":"<p>\u2713 Hifi-reolen passer til alle m\u00e6rker og modeller<br \/>\n\u2713 H\u00f8j belastningskapacitet og universel brug<br \/>\n\u2713 Enhver kombination af hyldemoduler kan bruges<br \/>\n\u2713 Bedste udf\u00f8relse og materialer i et enkelt design<\/p>\n","protected":false},"featured_media":1352,"comment_status":"open","ping_status":"closed","template":"","meta":[],"product_brand":[],"product_cat":[245,252],"product_tag":[],"class_list":{"0":"post-2306","1":"product","2":"type-product","3":"status-publish","4":"has-post-thumbnail","6":"product_cat-hi-fi-racks-da","7":"product_cat-atacama-evoque-eco-da","8":"product_shipping_class-op-til-20-kg","9":"pa_breite-aussen-1120-mm-da","10":"pa_breite-innen-1020-mm-da","11":"pa_farbe-der-saeulenmodule-silkesorte-soejler","12":"pa_hoehe-innen-innenlagerhoehe-245-mm-da","13":"pa_holzfarbe-lys-bambus","14":"pa_regalbrettstaerke-massiv-40-mm-bambus","15":"pa_tiefe-aussen-400-mm-da","16":"pa_tiefe-innen-300-mm-da","17":"tm-has-options","19":"first","20":"instock","21":"taxable","22":"shipping-taxable","23":"purchasable","24":"product-type-simple"},"_links":{"self":[{"href":"https:\/\/pulsschlag24.com\/da\/wp-json\/wp\/v2\/product\/2306","targetHints":{"allow":["GET"]}}],"collection":[{"href":"https:\/\/pulsschlag24.com\/da\/wp-json\/wp\/v2\/product"}],"about":[{"href":"https:\/\/pulsschlag24.com\/da\/wp-json\/wp\/v2\/types\/product"}],"replies":[{"embeddable":true,"href":"https:\/\/pulsschlag24.com\/da\/wp-json\/wp\/v2\/comments?post=2306"}],"wp:featuredmedia":[{"embeddable":true,"href":"https:\/\/pulsschlag24.com\/da\/wp-json\/wp\/v2\/media\/1352"}],"wp:attachment":[{"href":"https:\/\/pulsschlag24.com\/da\/wp-json\/wp\/v2\/media?parent=2306"}],"wp:term":[{"taxonomy":"product_brand","embeddable":true,"href":"https:\/\/pulsschlag24.com\/da\/wp-json\/wp\/v2\/product_brand?post=2306"},{"taxonomy":"product_cat","embeddable":true,"href":"https:\/\/pulsschlag24.com\/da\/wp-json\/wp\/v2\/product_cat?post=2306"},{"taxonomy":"product_tag","embeddable":true,"href":"https:\/\/pulsschlag24.com\/da\/wp-json\/wp\/v2\/product_tag?post=2306"}],"curies":[{"name":"wp","href":"https:\/\/api.w.org\/{rel}","templated":true}]}}