{"id":2302,"date":"2025-05-05T14:36:11","date_gmt":"2025-05-05T12:36:11","guid":{"rendered":"https:\/\/pulsschlag24.com\/produkt\/atacama-evoque-eco-24-16-hi-fi-rack-300-mm-bambus\/"},"modified":"2025-05-05T14:36:11","modified_gmt":"2025-05-05T12:36:11","slug":"atacama-evoque-eco-24-16-hi-fi-rack-300-mm-bambus","status":"publish","type":"product","link":"https:\/\/pulsschlag24.com\/da\/produkt\/atacama-evoque-eco-24-16-hi-fi-rack-300-mm-bambus\/","title":{"rendered":"Atacama EVOQUE ECO 24\/16 \u2013 Hi-Fi-rack \u2013 300 mm \u2013 Bambus"},"content":{"rendered":"<p>EVOQUE ECO &#8211; DESIGN EDITION-serien er teknologisk identisk med den prisbel\u00f8nnede standard EVOQUE ECO 60-40, men denne s\u00e6rlige h\u00e5ndlavede reol har en unik luksuri\u00f8s bejdsning, som ikke findes p\u00e5 nogen anden Atacama-reol. Denne s\u00e6rlige finish p\u00e5f\u00f8res i h\u00e5nden i flere lag og kontrolleres p\u00e5 hvert trin i produktionen af Atacamas bedste h\u00e5ndv\u00e6rkere for at sikre den bedst mulige finish p\u00e5 hvert enkelt modul.<br \/>\nAlle de tilg\u00e6ngelige benpakker leveres i en satin sort finish (finishen er ikke tilg\u00e6ngelig p\u00e5 standard EVOQUE-modeller). Det g\u00f8r det muligt for DESIGN EDITION at matche det omfattende Atacama-sortiment af h\u00f8jttalerstandere.<br \/>\nEnhver kombination af hyldemoduler kan bruges og placeres p\u00e5 et basismodul op til en maksimal h\u00f8jde p\u00e5 1255 mm.<br \/>\nAlle EVOQUE ECO-modeller har mekanisk jordforbindelse via 8 mm kulstofst\u00e5lbolte gennem hvert ben og ASIST (Atacama Sonic Isolation System Technology), der er designet til at hj\u00e6lpe med at d\u00e6mpe og lede enhver h\u00f8jfrekvent resonans v\u00e6k fra det underst\u00f8ttede udstyr.  <\/p>\n","protected":false},"excerpt":{"rendered":"<p>\u2713 Enhver kombination af reolmoduler kan bruges<br \/>\n\u2713 Bedste behandling af materialer<br \/>\n\u2713 H\u00f8j b\u00e6reevne og universel brug<\/p>\n","protected":false},"featured_media":1334,"comment_status":"open","ping_status":"closed","template":"","meta":[],"product_brand":[],"product_cat":[245,252,267],"product_tag":[],"class_list":{"0":"post-2302","1":"product","2":"type-product","3":"status-publish","4":"has-post-thumbnail","6":"product_cat-hi-fi-racks-da","7":"product_cat-atacama-evoque-eco-da","8":"product_cat-tilbud","9":"product_shipping_class-op-til-10-kg","10":"pa_breite-aussen-600-mm-da","11":"pa_breite-innen-500-mm-da","12":"pa_farbe-der-saeulenmodule-silkesorte-soejler","13":"pa_hoehe-innen-innenlagerhoehe-300-mm-da","14":"pa_holzfarbe-bambus-da","15":"pa_regalbrettstaerke-massiv-40-mm-bambus","16":"pa_tiefe-aussen-400-mm-da","17":"pa_tiefe-innen-300-mm-da","18":"tm-has-options","20":"first","21":"instock","22":"sale","23":"taxable","24":"shipping-taxable","25":"purchasable","26":"product-type-simple"},"_links":{"self":[{"href":"https:\/\/pulsschlag24.com\/da\/wp-json\/wp\/v2\/product\/2302","targetHints":{"allow":["GET"]}}],"collection":[{"href":"https:\/\/pulsschlag24.com\/da\/wp-json\/wp\/v2\/product"}],"about":[{"href":"https:\/\/pulsschlag24.com\/da\/wp-json\/wp\/v2\/types\/product"}],"replies":[{"embeddable":true,"href":"https:\/\/pulsschlag24.com\/da\/wp-json\/wp\/v2\/comments?post=2302"}],"wp:featuredmedia":[{"embeddable":true,"href":"https:\/\/pulsschlag24.com\/da\/wp-json\/wp\/v2\/media\/1334"}],"wp:attachment":[{"href":"https:\/\/pulsschlag24.com\/da\/wp-json\/wp\/v2\/media?parent=2302"}],"wp:term":[{"taxonomy":"product_brand","embeddable":true,"href":"https:\/\/pulsschlag24.com\/da\/wp-json\/wp\/v2\/product_brand?post=2302"},{"taxonomy":"product_cat","embeddable":true,"href":"https:\/\/pulsschlag24.com\/da\/wp-json\/wp\/v2\/product_cat?post=2302"},{"taxonomy":"product_tag","embeddable":true,"href":"https:\/\/pulsschlag24.com\/da\/wp-json\/wp\/v2\/product_tag?post=2302"}],"curies":[{"name":"wp","href":"https:\/\/api.w.org\/{rel}","templated":true}]}}