{"id":2283,"date":"2025-06-30T14:58:54","date_gmt":"2025-06-30T12:58:54","guid":{"rendered":"https:\/\/pulsschlag24.com\/?post_type=product&#038;p=2283"},"modified":"2026-04-22T14:01:19","modified_gmt":"2026-04-22T12:01:19","slug":"atacama-apollo-podium-10-hi-fi-rack-150-mm-hylde-med-vinylopbevaring-moerk-eg","status":"publish","type":"product","link":"https:\/\/pulsschlag24.com\/da\/produkt\/atacama-apollo-podium-10-hi-fi-rack-150-mm-hylde-med-vinylopbevaring-moerk-eg\/","title":{"rendered":"Atacama APOLLO \u2013 PODIUM 10 \u2013 Hi-Fi-rack \u2013 150 mm hylde med vinylopbevaring \u2013 m\u00f8rk eg"},"content":{"rendered":"<p><span data-sheets-root=\"1\">Vil du forbedre din lydoplevelse og have din pladesamling altid lige ved h\u00e5nden? Det modulopbyggede Apollo Podium 10 hi-fi-rack med pladeopbevaring er lige noget for dig. <\/span><\/p>\n<p>Udvid din audio- og pladesamling<\/p>\n<p>Inspireret af den ber\u00f8mte Podium-serie fra Hifi Racks Ltd. tilbyder Apollo Podium 10 AV-rack en gennemt\u00e6nkt og moderne l\u00f8sning til dine audio- og videokomponenter. Denne s\u00e6rlige konfiguration har et specielt modul til opbevaring af plader i den \u00f8verste del, s\u00e5 du kan pr\u00e6sentere dine yndlingsplader lige ved siden af din pladespiller og nemt f\u00e5 adgang til dem. <\/p>\n<p>Pladeopbevaringsmodulet er utroligt alsidig. Du kan vende \u00e5bningen til venstre eller h\u00f8jre og v\u00e6lge mellem benh\u00f8jder p\u00e5 150 mm eller 200 mm. En skridsikker, riflet antiskridplade lige under \u00e5bningen giver ekstra stabilitet.  <\/p>\n<p>Pr\u00e6cisionsfremstillet for optimal ydelse<\/p>\n<p>Apollo Podium 10-modulerne er fremstillet med stor opm\u00e6rksomhed for detaljer og \u00f8ger ydeevnen af dine enheder, samtidig med at de giver dit lytteomr\u00e5de et strejf af elegance.<\/p>\n<p>Hauptmerkmale<\/p>\n<p>Massiv europ\u00e6isk eg: Hver hylde er lavet af massiv europ\u00e6isk eg og giver en robust og holdbar base til dit v\u00e6rdifulde udstyr.<br \/>\nIntegreret vinylopbevaring: Det \u00f8verste reolmodul tilbyder praktisk og \u00e6stetisk opbevaring til din vinylsamling.<br \/>\nModul\u00e6rt design: Stabel moduler op til en maksimal h\u00f8jde p\u00e5 1200 mm for at skabe et skr\u00e6ddersyet rack, der passer pr\u00e6cis til dine behov.<br \/>\nFremragende isolering og stabilitet: Justerbare messing- og galvaniserede pigge p\u00e5 hvert reolmodul minimerer effektivt vibrationer og sikrer optimal lydkvalitet.<br \/>\nMaksimal justerbarhed: Basismodulet har 40 mm M8 BZP-justerbare pigge for nem nivellering, ogs\u00e5 p\u00e5 uj\u00e6vne gulve.<br \/>\nFleksible h\u00f8jdeindstillinger: V\u00e6lg mellem tre justerbare reolh\u00f8jder (150 mm, 200 mm og 250 mm) til en lang r\u00e6kke komponenter.<br \/>\nFremstillet i Storbritannien: Apollo Podium 10 Rack er fremstillet i Storbritannien og garanterer h\u00f8j kvalitet.<\/p>\n<p>Vigtig bem\u00e6rkning<br \/>\nBem\u00e6rk venligst, at Apollo Podium 10-moduler ikke kan udskiftes med Podium-serien fra Hifi Racks Ltd p\u00e5 grund af forskellige tekniske specifikationer.<\/p>\n<p>Naturlig sk\u00f8nhed og langvarig udseende<\/p>\n<p>Den massive konstruktion i naturlig eg giver reolen et strejf af elegance. De unikke farve- og \u00e5retegninger g\u00f8r hver reol til et unikt eksemplar. Husk, at eg med tiden bliver m\u00f8rkere, is\u00e6r ved uds\u00e6ttelse for sollys. For at opn\u00e5 et perfekt harmonisk helhedsindtryk anbefaler vi, at du k\u00f8ber alle moduler p\u00e5 \u00e9n gang.   <\/p>\n<p>Oplev forskellen med Apollo Podium 10 HiFi- &amp; AV-rack. Opgrader dit lydsystem og fremvis din vinylsamling i dag! <\/p>\n","protected":false},"excerpt":{"rendered":"<p>\u2713 Hifi-reolen passer til alle m\u00e6rker og modeller<br \/>\n\u2713 S\u00f8jlemoduler i eg<br \/>\n\u2713 H\u00f8j belastningskapacitet og universel brug<br \/>\n\u2713 Alle kombinationer af hyldemoduler kan bruges<\/p>\n","protected":false},"featured_media":2526,"comment_status":"open","ping_status":"closed","template":"","meta":[],"product_brand":[],"product_cat":[245,246],"product_tag":[],"class_list":{"0":"post-2283","1":"product","2":"type-product","3":"status-publish","4":"has-post-thumbnail","6":"product_cat-hi-fi-racks-da","7":"product_cat-atacama-apollo-da","8":"product_shipping_class-op-til-20-kg","9":"pa_breite-aussen-990-mm-da","10":"pa_breite-innen-900-mm-da","11":"pa_farbe-der-saeulenmodule-moerk-eg","12":"pa_hoehe-innen-innenlagerhoehe-150-mm-da","13":"pa_holzfarbe-moerk-eg","14":"pa_regalbrettstaerke-massiv-27-mm-eg","15":"pa_tiefe-aussen-450-mm-da","16":"pa_tiefe-innen-360-mm-da","17":"tm-has-options","19":"first","20":"instock","21":"taxable","22":"shipping-taxable","23":"purchasable","24":"product-type-simple"},"_links":{"self":[{"href":"https:\/\/pulsschlag24.com\/da\/wp-json\/wp\/v2\/product\/2283","targetHints":{"allow":["GET"]}}],"collection":[{"href":"https:\/\/pulsschlag24.com\/da\/wp-json\/wp\/v2\/product"}],"about":[{"href":"https:\/\/pulsschlag24.com\/da\/wp-json\/wp\/v2\/types\/product"}],"replies":[{"embeddable":true,"href":"https:\/\/pulsschlag24.com\/da\/wp-json\/wp\/v2\/comments?post=2283"}],"wp:featuredmedia":[{"embeddable":true,"href":"https:\/\/pulsschlag24.com\/da\/wp-json\/wp\/v2\/media\/2526"}],"wp:attachment":[{"href":"https:\/\/pulsschlag24.com\/da\/wp-json\/wp\/v2\/media?parent=2283"}],"wp:term":[{"taxonomy":"product_brand","embeddable":true,"href":"https:\/\/pulsschlag24.com\/da\/wp-json\/wp\/v2\/product_brand?post=2283"},{"taxonomy":"product_cat","embeddable":true,"href":"https:\/\/pulsschlag24.com\/da\/wp-json\/wp\/v2\/product_cat?post=2283"},{"taxonomy":"product_tag","embeddable":true,"href":"https:\/\/pulsschlag24.com\/da\/wp-json\/wp\/v2\/product_tag?post=2283"}],"curies":[{"name":"wp","href":"https:\/\/api.w.org\/{rel}","templated":true}]}}