{"id":2281,"date":"2025-05-05T14:36:05","date_gmt":"2025-05-05T12:36:05","guid":{"rendered":"https:\/\/pulsschlag24.com\/produkt\/atacama-apollo-podium-10-hi-fi-rack-basisniveau-moerk-eg\/"},"modified":"2025-05-05T14:36:05","modified_gmt":"2025-05-05T12:36:05","slug":"atacama-apollo-podium-10-hi-fi-rack-basisniveau-moerk-eg","status":"publish","type":"product","link":"https:\/\/pulsschlag24.com\/da\/produkt\/atacama-apollo-podium-10-hi-fi-rack-basisniveau-moerk-eg\/","title":{"rendered":"Atacama APOLLO \u2013 PODIUM 10 \u2013 Hi-Fi-rack \u2013 Basisniveau \u2013 M\u00f8rk eg"},"content":{"rendered":"<p><span data-sheets-root=\"1\">Inspireret af den ber\u00f8mte Podium-serie fra Hifi Racks Ltd tilbyder Apollo Podium 10 HiFi-reolen en sofistikeret og moderne l\u00f8sning til dine lydkomponenter. Dette rack er fremstillet med pr\u00e6cision og sans for detaljer og forbedrer dit udstyrs ydeevne, samtidig med at det tilf\u00f8jer et strejf af elegance til dit lytterum.<br \/>\nVigtigste funktioner:<br \/>\n\u2022 Massiv europ\u00e6isk eg: Hylderne er lavet af massivt europ\u00e6isk egetr\u00e6, hvilket giver en stabil og holdbar base.<br \/>\n\u2022 Modul\u00e6rt design: Stabl flere moduler (op til en maksimal h\u00f8jde p\u00e5 1200 mm) for at skabe et rack i specialst\u00f8rrelse, der passer perfekt til dine behov.<br \/>\n\u2022 Isolering og stabilitet: Justerbare messing- og galvaniserede pigge p\u00e5 hvert hyldemodul giver effektiv isolering, minimerer vibrationer og sikrer optimal lydkvalitet.<br \/>\n\u2022 Maksimal justerbarhed: Basismodulet har justerbare 40 mm M8 BZP-pigge, der nivellerer stativet p\u00e5 uj\u00e6vne gulve.<br \/>\n\u2022 Alsidige h\u00f8jdeindstillinger: V\u00e6lg mellem tre justerbare hyldeh\u00f8jder (150 mm, 200 mm og 250 mm) til forskellige komponenter.<br \/>\n\u2022 Opbevaringsmodul til vinyl: Det valgfrie vinylopbevaringsmodul (s\u00e6lges separat) kan bruges som en standardhylde og giver ekstra h\u00f8jde til st\u00f8rre hi-fi-komponenter eller opbevaringsplads til din vinylsamling.<br \/>\n\u2022 Fremstillet i Storbritannien: Apollo Podium 10 hi-fi-reolen er stolt fremstillet i Storbritannien og garanterer h\u00e5ndv\u00e6rk af h\u00f8j kvalitet og opm\u00e6rksomhed p\u00e5 detaljer.<br \/>\nVIGTIGT<br \/>\nBem\u00e6rk: Apollo Podium 10-modulerne kan ikke udskiftes med Podium-serien fra hifi Racks Ltd p\u00e5 grund af forskellige tekniske specifikationer.<br \/>\nOplev forskellen med Apollo Podium 10 HiFi-rack. Bestil i dag, og tag din lydops\u00e6tning til det n\u00e6ste niveau.<br \/>\nNaturlig sk\u00f8nhed:<br \/>\nKonstruktionen i massivt, naturligt egetr\u00e6 giver reolen et strejf af elegance, og de naturlige forskelle i farve og \u00e5retegning g\u00f8r hver reol unik. Bem\u00e6rk, at egetr\u00e6 naturligt bliver m\u00f8rkere med tiden, is\u00e6r hvis det uds\u00e6ttes for sollys. For at f\u00e5 et ensartet look anbefales det at k\u00f8be alle de n\u00f8dvendige moduler p\u00e5 forh\u00e5nd.   <\/span><\/p>\n","protected":false},"excerpt":{"rendered":"<p>\u2713 Hifi-reolen passer til alle m\u00e6rker og modeller<br \/>\n\u2713 S\u00f8jlemoduler i eg<br \/>\n\u2713 H\u00f8j belastningskapacitet og universel brug<br \/>\n\u2713 Alle kombinationer af hyldemoduler kan bruges<\/p>\n","protected":false},"featured_media":1252,"comment_status":"open","ping_status":"closed","template":"","meta":[],"product_brand":[],"product_cat":[246,245],"product_tag":[],"class_list":{"0":"post-2281","1":"product","2":"type-product","3":"status-publish","4":"has-post-thumbnail","6":"product_cat-atacama-apollo-da","7":"product_cat-hi-fi-racks-da","8":"product_shipping_class-op-til-20-kg","9":"pa_breite-aussen-990-mm-da","10":"pa_breite-innen-900-mm-da","11":"pa_farbe-der-saeulenmodule-moerk-eg","12":"pa_hoehe-innen-innenlagerhoehe-75-mm-da","13":"pa_holzfarbe-moerk-eg","14":"pa_regalbrettstaerke-massiv-27-mm-eg","15":"pa_tiefe-aussen-450-mm-da","16":"pa_tiefe-innen-360-mm-da","17":"tm-has-options","19":"first","20":"instock","21":"taxable","22":"shipping-taxable","23":"purchasable","24":"product-type-simple"},"_links":{"self":[{"href":"https:\/\/pulsschlag24.com\/da\/wp-json\/wp\/v2\/product\/2281","targetHints":{"allow":["GET"]}}],"collection":[{"href":"https:\/\/pulsschlag24.com\/da\/wp-json\/wp\/v2\/product"}],"about":[{"href":"https:\/\/pulsschlag24.com\/da\/wp-json\/wp\/v2\/types\/product"}],"replies":[{"embeddable":true,"href":"https:\/\/pulsschlag24.com\/da\/wp-json\/wp\/v2\/comments?post=2281"}],"wp:featuredmedia":[{"embeddable":true,"href":"https:\/\/pulsschlag24.com\/da\/wp-json\/wp\/v2\/media\/1252"}],"wp:attachment":[{"href":"https:\/\/pulsschlag24.com\/da\/wp-json\/wp\/v2\/media?parent=2281"}],"wp:term":[{"taxonomy":"product_brand","embeddable":true,"href":"https:\/\/pulsschlag24.com\/da\/wp-json\/wp\/v2\/product_brand?post=2281"},{"taxonomy":"product_cat","embeddable":true,"href":"https:\/\/pulsschlag24.com\/da\/wp-json\/wp\/v2\/product_cat?post=2281"},{"taxonomy":"product_tag","embeddable":true,"href":"https:\/\/pulsschlag24.com\/da\/wp-json\/wp\/v2\/product_tag?post=2281"}],"curies":[{"name":"wp","href":"https:\/\/api.w.org\/{rel}","templated":true}]}}