{"id":2270,"date":"2025-05-05T14:36:05","date_gmt":"2025-05-05T12:36:05","guid":{"rendered":"https:\/\/pulsschlag24.com\/produkt\/atacama-apollo-podium-6-xl-hi-fi-rack-basis-ebene-dunkle-eiche\/"},"modified":"2026-04-22T14:01:00","modified_gmt":"2026-04-22T12:01:00","slug":"atacama-apollo-podium-6-xl-hi-fi-rack-basis-ebene-dunkle-eiche","status":"publish","type":"product","link":"https:\/\/pulsschlag24.com\/da\/produkt\/atacama-apollo-podium-6-xl-hi-fi-rack-basis-ebene-dunkle-eiche\/","title":{"rendered":"Atacama APOLLO \u2013 PODIUM 6 XL \u2013 Hi-Fi-Rack \u2013 Basis\u2013Ebene \u2013 Dunkle Eiche"},"content":{"rendered":"<p>Limitless &#8211; Apollo Podium 6 XL: Kraft m\u00f8der pr\u00e6cision<\/p>\n<p>Den moderne audiofil st\u00e5r over for en unik udfordring: den enorme st\u00f8rrelse og v\u00e6gt af moderne h\u00f8jtydende lydkomponenter.<\/p>\n<p>Overdimensionerede forst\u00e6rkere, pladespillere med enorme dimensioner og digitale kilder med komplekse kredsl\u00f8b kr\u00e6ver et st\u00f8ttesystem, der overskrider gr\u00e6nserne for standardracks.<\/p>\n<p>For disse lydgiganter er Apollo Podium 6 XL den ultimative l\u00f8sning &#8211; et rack, der mestrer udfordringerne ved overdimensioneret udstyr med urokkelig styrke og raffineret elegance.<\/p>\n<p>Apollo Podium 6 XL bygger p\u00e5 den velkendte arv fra Hifi Racks Ltd&#8217;s prisbel\u00f8nnede Podium-serie og l\u00f8fter konceptet med lydst\u00f8tte til et nyt niveau. Det er ikke bare et st\u00f8rre rack; det er en omhyggeligt konstrueret platform, der opfylder kravene til selv de mest kr\u00e6vende lydops\u00e6tninger. Den \u00f8gede dybde p\u00e5 50 cm og b\u00e6reevnen p\u00e5 50 kg pr. modul, som opn\u00e5s ved hj\u00e6lp af robuste 40 mm tykke egegulve og massive 44 mm tykke ben, danner grundlag for en enest\u00e5ende stabilitet.<\/p>\n<p>Dette rack handler ikke kun om pladsbesparelse, men ogs\u00e5 om optimal ydeevne. De integrerede, justerbare pigge af messing og zinkbel\u00e6gning, der vidner om omhyggeligt design, isolerer dine komponenter effektivt mod u\u00f8nskede vibrationer og sikrer, at hver eneste nuance i din musik gengives med krystalklar klarhed. De 40 mm lange, justerbare M8 BZP-spikes p\u00e5 basismodulet muligg\u00f8r pr\u00e6cis nivellering selv p\u00e5 uj\u00e6vne overflader og garanterer en stabil og resonansfri platform.<\/p>\n<p>Det modul\u00e6re design af Apollo Podium 6 XL giver dig mulighed for at tilpasse dit rack pr\u00e6cis til dine behov. Stabel moduler op til en h\u00f8jde p\u00e5 1200 mm og skab en skr\u00e6ddersyet struktur, der passer til dine lydambitioner. De tre reolh\u00f8jder (alle kombinationer af 150 mm, 200 mm og 250 mm indvendig h\u00f8jde kan stables p\u00e5 et basismodul) giver enest\u00e5ende fleksibilitet og g\u00f8r det nemt og pr\u00e6cist at opbevare komponenter i forskellige st\u00f8rrelser.<\/p>\n<p>Apollo Podium 6 XL, der er fremstillet i Storbritannien, er indbegrebet af h\u00e5ndv\u00e6rksm\u00e6ssig perfektion. Konstruktionen i massivt europ\u00e6isk egetr\u00e6 med sin naturlige varme og sk\u00f8nhed giver ethvert lyttemilj\u00f8 et strejf af diskret elegance. Hvert rack, pr\u00e6get af den unikke \u00e5restruktur, vidner om kr\u00e6vende audiofilers str\u00e6ben efter lydm\u00e6ssig excellence og \u00e6stetisk raffinement.<\/p>\n<p>Vigtig bem\u00e6rkning: Bem\u00e6rk venligst, at Apollo Podium 6 XL-modulerne er specielt udviklet til denne XL-serie og ikke kan udskiftes med Podium-serien fra Hifi Racks Ltd. Dette sikrer optimal ydelse for de st\u00f8rre komponenter, som den er designet til.<\/p>\n<p>Apollo Podium 6 XL er l\u00f8sningen for alle, der stiller de h\u00f8jeste krav til lydsupport. Det er et rack, der overskrider gr\u00e6nserne for traditionelle designs og giver dine mest v\u00e6rdifulde lydkomponenter et solidt og elegant fundament. Invester i Apollo Podium 6 XL og oplev det sande potentiale i dit hi-fi-system.<\/p>\n","protected":false},"excerpt":{"rendered":"<p>\u2713 Hifi-reolen passer til alle m\u00e6rker og modeller<br \/>\n\u2713 S\u00f8jlemoduler i eg<br \/>\n\u2713 H\u00f8j belastningskapacitet og universel brug<br \/>\n\u2713 Alle kombinationer af hyldemoduler kan bruges<\/p>\n","protected":false},"featured_media":1228,"comment_status":"open","ping_status":"closed","template":"","meta":[],"product_brand":[],"product_cat":[245,246],"product_tag":[],"class_list":{"0":"post-2270","1":"product","2":"type-product","3":"status-publish","4":"has-post-thumbnail","6":"product_cat-hi-fi-racks-da","7":"product_cat-atacama-apollo-da","8":"product_shipping_class-op-til-10-kg","9":"pa_breite-aussen-600-mm-da","10":"pa_breite-innen-500-mm-da","11":"pa_farbe-der-saeulenmodule-moerk-eg","12":"pa_hoehe-innen-innenlagerhoehe-75-mm-da","13":"pa_holzfarbe-moerk-eg","14":"pa_regalbrettstaerke-massiv-40-mm-eg","15":"pa_tiefe-aussen-500-mm-da","16":"pa_tiefe-innen-400-mm-da","17":"tm-has-options","19":"first","20":"instock","21":"taxable","22":"shipping-taxable","23":"purchasable","24":"product-type-simple"},"_links":{"self":[{"href":"https:\/\/pulsschlag24.com\/da\/wp-json\/wp\/v2\/product\/2270","targetHints":{"allow":["GET"]}}],"collection":[{"href":"https:\/\/pulsschlag24.com\/da\/wp-json\/wp\/v2\/product"}],"about":[{"href":"https:\/\/pulsschlag24.com\/da\/wp-json\/wp\/v2\/types\/product"}],"replies":[{"embeddable":true,"href":"https:\/\/pulsschlag24.com\/da\/wp-json\/wp\/v2\/comments?post=2270"}],"wp:featuredmedia":[{"embeddable":true,"href":"https:\/\/pulsschlag24.com\/da\/wp-json\/wp\/v2\/media\/1228"}],"wp:attachment":[{"href":"https:\/\/pulsschlag24.com\/da\/wp-json\/wp\/v2\/media?parent=2270"}],"wp:term":[{"taxonomy":"product_brand","embeddable":true,"href":"https:\/\/pulsschlag24.com\/da\/wp-json\/wp\/v2\/product_brand?post=2270"},{"taxonomy":"product_cat","embeddable":true,"href":"https:\/\/pulsschlag24.com\/da\/wp-json\/wp\/v2\/product_cat?post=2270"},{"taxonomy":"product_tag","embeddable":true,"href":"https:\/\/pulsschlag24.com\/da\/wp-json\/wp\/v2\/product_tag?post=2270"}],"curies":[{"name":"wp","href":"https:\/\/api.w.org\/{rel}","templated":true}]}}