{"id":2239,"date":"2025-05-05T14:35:51","date_gmt":"2025-05-05T12:35:51","guid":{"rendered":"https:\/\/pulsschlag24.com\/produkt\/atacama-apollo-storm-6-hi-fi-reol-bundniveau-lys-eg\/"},"modified":"2025-05-05T14:35:51","modified_gmt":"2025-05-05T12:35:51","slug":"atacama-apollo-storm-6-hi-fi-reol-bundniveau-lys-eg","status":"publish","type":"product","link":"https:\/\/pulsschlag24.com\/da\/produkt\/atacama-apollo-storm-6-hi-fi-reol-bundniveau-lys-eg\/","title":{"rendered":"Atacama APOLLO &#8211; STORM 6 &#8211; Hi-Fi-reol &#8211; Bundniveau &#8211; Lys eg"},"content":{"rendered":"<p>APOLLO &#8211; STORM 6 er en del af Atacama Storm-serien.<br \/>\nVil du gerne have professionel support til dit hi-fi-system, men foretr\u00e6kker egetr\u00e6? S\u00e5 vil denne APOLLO &#8211; STORM 6, der er fremstillet af massivt britisk egetr\u00e6, v\u00e6re den perfekte modul\u00e6re hi-fi-st\u00f8tte for dig og blive det fantastiske midtpunkt til udstilling, underst\u00f8ttelse og isolering af hi-fi-udstyr i hjemmet.<br \/>\nHvert hyldemodul er blevet pr\u00e6cisionssk\u00e5ret p\u00e5 en CNC-maskine for at sikre ensartethed i pasform og ydeevne og derefter f\u00e6rdiggjort i h\u00e5nden af dedikerede h\u00e5ndv\u00e6rkere for at forbedre det naturlige tr\u00e6s visuelle appel.<br \/>\nAPOLLO &#8211; STORM 6 Hi-Fi-reolen er ikke bare et attraktivt m\u00f8bel. Den er prim\u00e6rt designet til at underst\u00f8tte ydeevnen af det hi-fi-udstyr, den huser.<br \/>\nMed et udvalg af fire lejeh\u00f8jder og fremstillet af torsionsstiv 27 mm massivt h\u00e5rdt komposittr\u00e6 for styrke og resonansabsorbering, tilbyder hvert af de individuelle moduler tre ekstra isolationstrin.<br \/>\nFor det f\u00f8rste adskiller en polymerisoleringsskive den ydre s\u00f8jlekrave fra tr\u00e6et, hvilket skaber en barriere mellem hver af tr\u00e6- og yderbenkomponenterne. Den anden skillelinje er den s\u00e5kaldte benspids. Igen er der tale om en polymerkonstruktion, s\u00e5 den ydre krave p\u00e5 benet er helt fjernet fra den resonante lydfeedback, der er til stede, n\u00e5r der spilles musik. Der blev indsat et messinggevind i hver af benets spidsh\u00e6tter (messing er valgt p\u00e5 grund af dets langsomme energispredningshastighed). Det tredje og sidste trin i isoleringen er opn\u00e5et ved hj\u00e6lp af fuldt justerbare 8 mm blankgalvaniserede st\u00e5lpigge og matchende l\u00e5sem\u00f8trikker.<br \/>\nBem\u00e6rk: Eg er et naturmateriale, s\u00e5 forskellige farvevariationer s\u00e5som nuancer i form af knaster og andre strukturelle \u00e6ndringer er en del af dette hi-fi-produkts essentielle sk\u00f8nhed. Hvert br\u00e6ddemodul er \u00e6stetisk unikt og bliver m\u00f8rkere med tiden som en del af tr\u00e6ets aldringsproces, is\u00e6r n\u00e5r det uds\u00e6ttes for sollys. Denne forskel vil blive endnu st\u00f8rre, n\u00e5r du tilf\u00f8jer nye ekstra hylder p\u00e5 et senere tidspunkt. K\u00f8b derfor om muligt dit APOLLO &#8211; STORM 6 som et komplet s\u00e6t, der passer sammen, og som tager h\u00f8jde for dine fremtidige opbevaringsbehov.<br \/>\nAlle tilg\u00e6ngelige benpakker i h\u00f8jderne basis, 135 mm, 185 mm og 235 mm leveres i en sort silkeudf\u00f8relse. Denne serie passer derfor perfekt til Atacamas omfattende sortiment af h\u00f8jttalerstandere.<br \/>\nAlle kombinationer af reolmoduler kan bruges og placeres p\u00e5 et basismodul op til en maksimal h\u00f8jde p\u00e5 1000 mm.<br \/>\nV\u00e6gtkapaciteten er 30 kg pr. niveau afh\u00e6ngigt af det samlede opbevaringsbehov.<br \/>\nAPOLLO &#8211; STORM 6 fremstilles i Storbritannien af firmaet Atacama og tager p\u00e5 grund af den eksklusive forarbejdning af massivt egetr\u00e6 et par dage l\u00e6ngere at fremstille end almindelige lydm\u00f8bler.<br \/>\nBem\u00e6rk: Der kan forventes leveringsforsinkelser p\u00e5 dette produkt p\u00e5 grund af dets eksklusive karakter. Vi beder dig derfor om at kontakte os p\u00e5 forh\u00e5nd enten via telefon eller e-mail.<\/p>\n","protected":false},"excerpt":{"rendered":"<p>\u2713 Bedste udf\u00f8relse af materialerne<br \/>\n\u2713 St\u00e6rk modstandsdygtighed og universelt anvendelig<br \/>\n\u2713 Designet og fremstillet i Storbritannien<\/p>\n","protected":false},"featured_media":1128,"comment_status":"open","ping_status":"closed","template":"","meta":[],"product_brand":[],"product_cat":[245,246],"product_tag":[],"class_list":{"0":"post-2239","1":"product","2":"type-product","3":"status-publish","4":"has-post-thumbnail","6":"product_cat-hi-fi-racks-da","7":"product_cat-atacama-apollo-da","8":"product_shipping_class-op-til-10-kg","9":"pa_breite-aussen-590-mm-da","10":"pa_breite-innen-510-mm-da","11":"pa_farbe-der-saeulenmodule-silkesorte-soejler","12":"pa_hoehe-innen-innenlagerhoehe-60-mm-da","13":"pa_holzfarbe-lys-eg","14":"pa_regalbrettstaerke-massiv-27-mm-eg","15":"pa_tiefe-aussen-450-mm-da","16":"pa_tiefe-innen-370-mm-da","17":"tm-has-options","19":"first","20":"instock","21":"taxable","22":"shipping-taxable","23":"purchasable","24":"product-type-simple"},"_links":{"self":[{"href":"https:\/\/pulsschlag24.com\/da\/wp-json\/wp\/v2\/product\/2239","targetHints":{"allow":["GET"]}}],"collection":[{"href":"https:\/\/pulsschlag24.com\/da\/wp-json\/wp\/v2\/product"}],"about":[{"href":"https:\/\/pulsschlag24.com\/da\/wp-json\/wp\/v2\/types\/product"}],"replies":[{"embeddable":true,"href":"https:\/\/pulsschlag24.com\/da\/wp-json\/wp\/v2\/comments?post=2239"}],"wp:featuredmedia":[{"embeddable":true,"href":"https:\/\/pulsschlag24.com\/da\/wp-json\/wp\/v2\/media\/1128"}],"wp:attachment":[{"href":"https:\/\/pulsschlag24.com\/da\/wp-json\/wp\/v2\/media?parent=2239"}],"wp:term":[{"taxonomy":"product_brand","embeddable":true,"href":"https:\/\/pulsschlag24.com\/da\/wp-json\/wp\/v2\/product_brand?post=2239"},{"taxonomy":"product_cat","embeddable":true,"href":"https:\/\/pulsschlag24.com\/da\/wp-json\/wp\/v2\/product_cat?post=2239"},{"taxonomy":"product_tag","embeddable":true,"href":"https:\/\/pulsschlag24.com\/da\/wp-json\/wp\/v2\/product_tag?post=2239"}],"curies":[{"name":"wp","href":"https:\/\/api.w.org\/{rel}","templated":true}]}}