{"id":5473,"date":"2026-03-12T11:55:58","date_gmt":"2026-03-12T10:55:58","guid":{"rendered":"https:\/\/pulsschlag24.com\/blog\/"},"modified":"2026-03-18T14:48:54","modified_gmt":"2026-03-18T13:48:54","slug":"blog","status":"publish","type":"page","link":"https:\/\/pulsschlag24.com\/da\/blog\/","title":{"rendered":"Blog"},"content":{"rendered":"\t\t<div data-elementor-type=\"wp-page\" data-elementor-id=\"5473\" class=\"elementor elementor-5473 elementor-5346\" data-elementor-post-type=\"page\">\n\t\t\t\t<div class=\"wd-negative-gap elementor-element elementor-element-0ea8346 e-flex e-con-boxed e-con e-parent\" data-id=\"0ea8346\" data-element_type=\"container\" data-e-type=\"container\">\n\t\t\t\t\t<div class=\"e-con-inner\">\n\t\t\t\t<div class=\"elementor-element elementor-element-055fc32 elementor-widget elementor-widget-heading\" data-id=\"055fc32\" data-element_type=\"widget\" data-e-type=\"widget\" data-widget_type=\"heading.default\">\n\t\t\t\t<div class=\"elementor-widget-container\">\n\t\t\t\t\t<h1 class=\"elementor-heading-title elementor-size-default\">Blog<\/h1>\t\t\t\t<\/div>\n\t\t\t\t<\/div>\n\t\t\t\t\t<\/div>\n\t\t\t\t<\/div>\n\t\t<div class=\"wd-negative-gap elementor-element elementor-element-8952ecd e-flex e-con-boxed e-con e-parent\" data-id=\"8952ecd\" data-element_type=\"container\" data-e-type=\"container\">\n\t\t\t\t\t<div class=\"e-con-inner\">\n\t\t\t\t<div class=\"elementor-element elementor-element-d29ad1c elementor-grid-3 elementor-grid-tablet-2 elementor-grid-mobile-1 elementor-posts--thumbnail-top elementor-widget elementor-widget-posts\" data-id=\"d29ad1c\" data-element_type=\"widget\" data-e-type=\"widget\" data-settings=\"{&quot;classic_row_gap&quot;:{&quot;unit&quot;:&quot;px&quot;,&quot;size&quot;:20,&quot;sizes&quot;:[]},&quot;classic_columns&quot;:&quot;3&quot;,&quot;classic_columns_tablet&quot;:&quot;2&quot;,&quot;classic_columns_mobile&quot;:&quot;1&quot;,&quot;classic_row_gap_tablet&quot;:{&quot;unit&quot;:&quot;px&quot;,&quot;size&quot;:&quot;&quot;,&quot;sizes&quot;:[]},&quot;classic_row_gap_mobile&quot;:{&quot;unit&quot;:&quot;px&quot;,&quot;size&quot;:&quot;&quot;,&quot;sizes&quot;:[]}}\" data-widget_type=\"posts.classic\">\n\t\t\t\t<div class=\"elementor-widget-container\">\n\t\t\t\t\t\t\t<div class=\"elementor-posts-container elementor-posts elementor-posts--skin-classic elementor-grid\" role=\"list\">\n\t\t\t\t<article class=\"elementor-post elementor-grid-item post-5825 post type-post status-publish format-standard has-post-thumbnail hentry category-nicht-kategorisiert\" role=\"listitem\">\n\t\t\t\t<a class=\"elementor-post__thumbnail__link\" href=\"https:\/\/pulsschlag24.com\/da\/hifi-reol-i-trae-et-stilfuldt-fundament-der-sikrer-bedre-lyd-og-en-eksklusiv-boligstemning\/\" tabindex=\"-1\">\n\t\t\t<div class=\"elementor-post__thumbnail\"><img decoding=\"async\" width=\"1000\" height=\"750\" src=\"https:\/\/pulsschlag24.com\/wp-content\/themes\/woodmart\/images\/lazy.svg\" data-src=\"https:\/\/pulsschlag24.com\/wp-content\/uploads\/2026\/05\/hifi-rack-aus-holz.jpg\" class=\"attachment-full size-full wp-image-5801\" alt=\"HiFi Rack aus Holz\" srcset=\"\" data-srcset=\"https:\/\/pulsschlag24.com\/wp-content\/uploads\/2026\/05\/hifi-rack-aus-holz.jpg 1000w, https:\/\/pulsschlag24.com\/wp-content\/uploads\/2026\/05\/hifi-rack-aus-holz-300x225.jpg 300w, https:\/\/pulsschlag24.com\/wp-content\/uploads\/2026\/05\/hifi-rack-aus-holz-768x576.jpg 768w, https:\/\/pulsschlag24.com\/wp-content\/uploads\/2026\/05\/hifi-rack-aus-holz-600x450.jpg 600w, https:\/\/pulsschlag24.com\/wp-content\/uploads\/2026\/05\/hifi-rack-aus-holz-150x113.jpg 150w\" sizes=\"(max-width: 1000px) 100vw, 1000px\" \/><\/div>\n\t\t<\/a>\n\t\t\t\t<div class=\"elementor-post__text\">\n\t\t\t\t<h2 class=\"elementor-post__title\">\n\t\t\t<a href=\"https:\/\/pulsschlag24.com\/da\/hifi-reol-i-trae-et-stilfuldt-fundament-der-sikrer-bedre-lyd-og-en-eksklusiv-boligstemning\/\">\n\t\t\t\tHiFi-reol i tr\u00e6: Et stilfuldt fundament, der sikrer bedre lyd og en eksklusiv boligstemning\t\t\t<\/a>\n\t\t<\/h2>\n\t\t\t\t<div class=\"elementor-post__meta-data\">\n\t\t\t\t\t<span class=\"elementor-post-date\">\n\t\t\t7. maj 2026\t\t<\/span>\n\t\t\t\t<\/div>\n\t\t\t\t<div class=\"elementor-post__excerpt\">\n\t\t\t<p>Inhaltsverzeichnis Et hi-fi-rack i tr\u00e6 af h\u00f8j kvalitet er langt mere end blot et m\u00f8bel i stuen til forst\u00e6rkere, pladespillere,<\/p>\n\t\t<\/div>\n\t\t\n\t\t<a class=\"elementor-post__read-more\" href=\"https:\/\/pulsschlag24.com\/da\/hifi-reol-i-trae-et-stilfuldt-fundament-der-sikrer-bedre-lyd-og-en-eksklusiv-boligstemning\/\" aria-label=\"Read more about HiFi-reol i tr\u00e6: Et stilfuldt fundament, der sikrer bedre lyd og en eksklusiv boligstemning\" tabindex=\"-1\">\n\t\t\tL\u00e6s mere \u00bb\t\t<\/a>\n\n\t\t\t\t<\/div>\n\t\t\t\t<\/article>\n\t\t\t\t<article class=\"elementor-post elementor-grid-item post-5540 post type-post status-publish format-standard has-post-thumbnail hentry category-nicht-kategorisiert\" role=\"listitem\">\n\t\t\t\t<a class=\"elementor-post__thumbnail__link\" href=\"https:\/\/pulsschlag24.com\/da\/besoeg-hos-atacama\/\" tabindex=\"-1\">\n\t\t\t<div class=\"elementor-post__thumbnail\"><img decoding=\"async\" width=\"1600\" height=\"1200\" src=\"https:\/\/pulsschlag24.com\/wp-content\/themes\/woodmart\/images\/lazy.svg\" data-src=\"https:\/\/pulsschlag24.com\/wp-content\/uploads\/2026\/03\/besuch-bei-atacama-1.jpg\" class=\"attachment-full size-full wp-image-5502\" alt=\"Besuch bei Atacama\" srcset=\"\" data-srcset=\"https:\/\/pulsschlag24.com\/wp-content\/uploads\/2026\/03\/besuch-bei-atacama-1.jpg 1600w, https:\/\/pulsschlag24.com\/wp-content\/uploads\/2026\/03\/besuch-bei-atacama-1-150x113.jpg 150w, https:\/\/pulsschlag24.com\/wp-content\/uploads\/2026\/03\/besuch-bei-atacama-1-600x450.jpg 600w, https:\/\/pulsschlag24.com\/wp-content\/uploads\/2026\/03\/besuch-bei-atacama-1-300x225.jpg 300w, https:\/\/pulsschlag24.com\/wp-content\/uploads\/2026\/03\/besuch-bei-atacama-1-1024x768.jpg 1024w, https:\/\/pulsschlag24.com\/wp-content\/uploads\/2026\/03\/besuch-bei-atacama-1-768x576.jpg 768w, https:\/\/pulsschlag24.com\/wp-content\/uploads\/2026\/03\/besuch-bei-atacama-1-1536x1152.jpg 1536w\" sizes=\"(max-width: 1600px) 100vw, 1600px\" \/><\/div>\n\t\t<\/a>\n\t\t\t\t<div class=\"elementor-post__text\">\n\t\t\t\t<h2 class=\"elementor-post__title\">\n\t\t\t<a href=\"https:\/\/pulsschlag24.com\/da\/besoeg-hos-atacama\/\">\n\t\t\t\tBes\u00f8g hos Atacama\t\t\t<\/a>\n\t\t<\/h2>\n\t\t\t\t<div class=\"elementor-post__meta-data\">\n\t\t\t\t\t<span class=\"elementor-post-date\">\n\t\t\t9. marts 2026\t\t<\/span>\n\t\t\t\t<\/div>\n\t\t\t\t<div class=\"elementor-post__excerpt\">\n\t\t\t<p>Fra den 2. til den 6. marts 2026 bes\u00f8gte vi Atacama i Leicestershire i Storbritannien. Efter at vi var blevet<\/p>\n\t\t<\/div>\n\t\t\n\t\t<a class=\"elementor-post__read-more\" href=\"https:\/\/pulsschlag24.com\/da\/besoeg-hos-atacama\/\" aria-label=\"Read more about Bes\u00f8g hos Atacama\" tabindex=\"-1\">\n\t\t\tL\u00e6s mere \u00bb\t\t<\/a>\n\n\t\t\t\t<\/div>\n\t\t\t\t<\/article>\n\t\t\t\t<article class=\"elementor-post elementor-grid-item post-5484 post type-post status-publish format-standard has-post-thumbnail hentry category-nicht-kategorisiert\" role=\"listitem\">\n\t\t\t\t<a class=\"elementor-post__thumbnail__link\" href=\"https:\/\/pulsschlag24.com\/da\/high-end-munich-2025\/\" tabindex=\"-1\">\n\t\t\t<div class=\"elementor-post__thumbnail\"><img decoding=\"async\" width=\"2560\" height=\"1707\" src=\"https:\/\/pulsschlag24.com\/wp-content\/themes\/woodmart\/images\/lazy.svg\" data-src=\"https:\/\/pulsschlag24.com\/wp-content\/uploads\/2026\/03\/high-end-munich-2025-scaled.jpg\" class=\"attachment-full size-full wp-image-5454\" alt=\"HIGH END munich 2025\" srcset=\"\" data-srcset=\"https:\/\/pulsschlag24.com\/wp-content\/uploads\/2026\/03\/high-end-munich-2025-scaled.jpg 2560w, https:\/\/pulsschlag24.com\/wp-content\/uploads\/2026\/03\/high-end-munich-2025-scaled-150x100.jpg 150w, https:\/\/pulsschlag24.com\/wp-content\/uploads\/2026\/03\/high-end-munich-2025-scaled-600x400.jpg 600w, https:\/\/pulsschlag24.com\/wp-content\/uploads\/2026\/03\/high-end-munich-2025-300x200.jpg 300w, https:\/\/pulsschlag24.com\/wp-content\/uploads\/2026\/03\/high-end-munich-2025-1024x683.jpg 1024w, https:\/\/pulsschlag24.com\/wp-content\/uploads\/2026\/03\/high-end-munich-2025-768x512.jpg 768w, https:\/\/pulsschlag24.com\/wp-content\/uploads\/2026\/03\/high-end-munich-2025-1536x1024.jpg 1536w, https:\/\/pulsschlag24.com\/wp-content\/uploads\/2026\/03\/high-end-munich-2025-2048x1365.jpg 2048w\" sizes=\"(max-width: 2560px) 100vw, 2560px\" \/><\/div>\n\t\t<\/a>\n\t\t\t\t<div class=\"elementor-post__text\">\n\t\t\t\t<h2 class=\"elementor-post__title\">\n\t\t\t<a href=\"https:\/\/pulsschlag24.com\/da\/high-end-munich-2025\/\">\n\t\t\t\tHIGH END munich 2025\t\t\t<\/a>\n\t\t<\/h2>\n\t\t\t\t<div class=\"elementor-post__meta-data\">\n\t\t\t\t\t<span class=\"elementor-post-date\">\n\t\t\t20. maj 2025\t\t<\/span>\n\t\t\t\t<\/div>\n\t\t\t\t<div class=\"elementor-post__excerpt\">\n\t\t\t<p>Vores dag p\u00e5 HIGH END M\u00fcnchen 2025 Vi, teamet bag Pulsschlag24, benyttede os som bes\u00f8gende af HIGH END-messens rammer og<\/p>\n\t\t<\/div>\n\t\t\n\t\t<a class=\"elementor-post__read-more\" href=\"https:\/\/pulsschlag24.com\/da\/high-end-munich-2025\/\" aria-label=\"Read more about HIGH END munich 2025\" tabindex=\"-1\">\n\t\t\tL\u00e6s mere \u00bb\t\t<\/a>\n\n\t\t\t\t<\/div>\n\t\t\t\t<\/article>\n\t\t\t\t<\/div>\n\t\t\n\t\t\t\t\t\t<\/div>\n\t\t\t\t<\/div>\n\t\t\t\t\t<\/div>\n\t\t\t\t<\/div>\n\t\t\t\t<\/div>\n\t\t","protected":false},"excerpt":{"rendered":"<p>Blog<\/p>\n","protected":false},"author":1,"featured_media":0,"parent":0,"menu_order":0,"comment_status":"closed","ping_status":"closed","template":"","meta":{"footnotes":""},"class_list":["post-5473","page","type-page","status-publish","hentry"],"_links":{"self":[{"href":"https:\/\/pulsschlag24.com\/da\/wp-json\/wp\/v2\/pages\/5473","targetHints":{"allow":["GET"]}}],"collection":[{"href":"https:\/\/pulsschlag24.com\/da\/wp-json\/wp\/v2\/pages"}],"about":[{"href":"https:\/\/pulsschlag24.com\/da\/wp-json\/wp\/v2\/types\/page"}],"author":[{"embeddable":true,"href":"https:\/\/pulsschlag24.com\/da\/wp-json\/wp\/v2\/users\/1"}],"replies":[{"embeddable":true,"href":"https:\/\/pulsschlag24.com\/da\/wp-json\/wp\/v2\/comments?post=5473"}],"version-history":[{"count":0,"href":"https:\/\/pulsschlag24.com\/da\/wp-json\/wp\/v2\/pages\/5473\/revisions"}],"wp:attachment":[{"href":"https:\/\/pulsschlag24.com\/da\/wp-json\/wp\/v2\/media?parent=5473"}],"curies":[{"name":"wp","href":"https:\/\/api.w.org\/{rel}","templated":true}]}}