{"id":1788,"date":"2025-07-09T11:11:28","date_gmt":"2025-07-09T09:11:28","guid":{"rendered":"https:\/\/pulsschlag24.com\/om-os\/"},"modified":"2026-02-17T14:05:06","modified_gmt":"2026-02-17T13:05:06","slug":"om-os","status":"publish","type":"page","link":"https:\/\/pulsschlag24.com\/da\/om-os\/","title":{"rendered":"Om os"},"content":{"rendered":"\t\t<div data-elementor-type=\"wp-page\" data-elementor-id=\"1788\" class=\"elementor elementor-1788 elementor-1709\" data-elementor-post-type=\"page\">\n\t\t\t\t<div class=\"wd-negative-gap elementor-element elementor-element-55e4ef8 e-flex e-con-boxed e-con e-parent\" data-id=\"55e4ef8\" data-element_type=\"container\" data-e-type=\"container\">\n\t\t\t\t\t<div class=\"e-con-inner\">\n\t\t<div class=\"elementor-element elementor-element-579c6dd e-con-full e-flex e-con e-child\" data-id=\"579c6dd\" data-element_type=\"container\" data-e-type=\"container\">\n\t\t\t\t<div class=\"elementor-element elementor-element-8256ba2 elementor-widget elementor-widget-heading\" data-id=\"8256ba2\" data-element_type=\"widget\" data-e-type=\"widget\" data-widget_type=\"heading.default\">\n\t\t\t\t<div class=\"elementor-widget-container\">\n\t\t\t\t\t<h1 class=\"elementor-heading-title elementor-size-default\">Om os<\/h1>\t\t\t\t<\/div>\n\t\t\t\t<\/div>\n\t\t\t\t<div class=\"elementor-element elementor-element-732a889 color-scheme-inherit text-left elementor-widget elementor-widget-text-editor\" data-id=\"732a889\" data-element_type=\"widget\" data-e-type=\"widget\" data-widget_type=\"text-editor.default\">\n\t\t\t\t<div class=\"elementor-widget-container\">\n\t\t\t\t\t\t\t\t\t<p>Direkt\u00f8ren har omfattende erfaring med Atacama- og Apollo-produkter og grundlagde virksomheden i april 2025.<\/p><p>Ren\u00e9 Joppin, ejer af Pulsschlag24, udtalte: &#8220;Jeg ser frem til at pr\u00e6sentere mig selv og min virksomhed Pulsschlag24 som din nye f\u00f8rende forhandler af kvalitets-HiFi-m\u00f8bler og tilbeh\u00f8r fra Atacama i Tyskland.<\/p><p>Jeg ser tilbage med taknemmelighed p\u00e5 mine 10 \u00e5rs dedikerede salgserfaring med produktlinjerne Atacama og Apollo. Med stor entusiasme over dette nye kapitel ser jeg frem til et produktivt og succesfuldt samarbejde.<\/p><p>Med Pulsschlag24 \u00f8nsker jeg at bringe den exceptionelle kvalitet og design af Atacama-produkter t\u00e6ttere p\u00e5 tyske, franske og danske HiFi-entusiaster.&#8221;<\/p>\t\t\t\t\t\t\t\t<\/div>\n\t\t\t\t<\/div>\n\t\t\t\t<\/div>\n\t\t<div class=\"elementor-element elementor-element-232cc44 e-con-full e-flex e-con e-child\" data-id=\"232cc44\" data-element_type=\"container\" data-e-type=\"container\">\n\t\t\t\t<div class=\"elementor-element elementor-element-9737377 elementor-widget elementor-widget-gallery\" data-id=\"9737377\" data-element_type=\"widget\" data-e-type=\"widget\" data-settings=\"{&quot;gallery_layout&quot;:&quot;masonry&quot;,&quot;columns&quot;:2,&quot;lazyload&quot;:&quot;yes&quot;,&quot;columns_tablet&quot;:2,&quot;columns_mobile&quot;:1,&quot;gap&quot;:{&quot;unit&quot;:&quot;px&quot;,&quot;size&quot;:10,&quot;sizes&quot;:[]},&quot;gap_tablet&quot;:{&quot;unit&quot;:&quot;px&quot;,&quot;size&quot;:10,&quot;sizes&quot;:[]},&quot;gap_mobile&quot;:{&quot;unit&quot;:&quot;px&quot;,&quot;size&quot;:10,&quot;sizes&quot;:[]},&quot;link_to&quot;:&quot;file&quot;,&quot;content_hover_animation&quot;:&quot;fade-in&quot;}\" data-widget_type=\"gallery.default\">\n\t\t\t\t<div class=\"elementor-widget-container\">\n\t\t\t\t\t\t\t<div class=\"elementor-gallery__container\">\n\t\t\t\t\t\t\t<a class=\"e-gallery-item elementor-gallery-item elementor-animated-content\" href=\"https:\/\/pulsschlag24.com\/wp-content\/uploads\/2025\/06\/pulsschlag24-ueber-uns-1.jpg\" data-elementor-open-lightbox=\"yes\" data-elementor-lightbox-slideshow=\"9737377\" data-elementor-lightbox-title=\"Pulsschlag24\" data-e-action-hash=\"#elementor-action%3Aaction%3Dlightbox%26settings%3DeyJpZCI6MTY2NiwidXJsIjoiaHR0cHM6XC9cL3B1bHNzY2hsYWcyNC5jb21cL3dwLWNvbnRlbnRcL3VwbG9hZHNcLzIwMjVcLzA2XC9wdWxzc2NobGFnMjQtdWViZXItdW5zLTEuanBnIiwic2xpZGVzaG93IjoiOTczNzM3NyJ9\">\n\t\t\t\t\t<div class=\"e-gallery-image elementor-gallery-item__image\" data-thumbnail=\"https:\/\/pulsschlag24.com\/wp-content\/uploads\/2025\/06\/pulsschlag24-ueber-uns-1.jpg\" data-width=\"1600\" data-height=\"1200\" aria-label=\"Pulsschlag24\" role=\"img\" ><\/div>\n\t\t\t\t\t\t\t\t\t\t\t\t\t\t<\/a>\n\t\t\t\t\t\t\t<a class=\"e-gallery-item elementor-gallery-item elementor-animated-content\" href=\"https:\/\/pulsschlag24.com\/wp-content\/uploads\/2025\/06\/pulsschlag24-ueber-uns-3.jpg\" data-elementor-open-lightbox=\"yes\" data-elementor-lightbox-slideshow=\"9737377\" data-elementor-lightbox-title=\"Pulsschlag24\" data-e-action-hash=\"#elementor-action%3Aaction%3Dlightbox%26settings%3DeyJpZCI6MTY3MCwidXJsIjoiaHR0cHM6XC9cL3B1bHNzY2hsYWcyNC5jb21cL3dwLWNvbnRlbnRcL3VwbG9hZHNcLzIwMjVcLzA2XC9wdWxzc2NobGFnMjQtdWViZXItdW5zLTMuanBnIiwic2xpZGVzaG93IjoiOTczNzM3NyJ9\">\n\t\t\t\t\t<div class=\"e-gallery-image elementor-gallery-item__image\" data-thumbnail=\"https:\/\/pulsschlag24.com\/wp-content\/uploads\/2025\/06\/pulsschlag24-ueber-uns-3.jpg\" data-width=\"1200\" data-height=\"1600\" aria-label=\"Pulsschlag24\" role=\"img\" ><\/div>\n\t\t\t\t\t\t\t\t\t\t\t\t\t\t<\/a>\n\t\t\t\t\t\t\t<a class=\"e-gallery-item elementor-gallery-item elementor-animated-content\" href=\"https:\/\/pulsschlag24.com\/wp-content\/uploads\/2025\/06\/pulsschlag24-ueber-uns-4.jpg\" data-elementor-open-lightbox=\"yes\" data-elementor-lightbox-slideshow=\"9737377\" data-elementor-lightbox-title=\"Pulsschlag24\" data-e-action-hash=\"#elementor-action%3Aaction%3Dlightbox%26settings%3DeyJpZCI6MTY3MiwidXJsIjoiaHR0cHM6XC9cL3B1bHNzY2hsYWcyNC5jb21cL3dwLWNvbnRlbnRcL3VwbG9hZHNcLzIwMjVcLzA2XC9wdWxzc2NobGFnMjQtdWViZXItdW5zLTQuanBnIiwic2xpZGVzaG93IjoiOTczNzM3NyJ9\">\n\t\t\t\t\t<div class=\"e-gallery-image elementor-gallery-item__image\" data-thumbnail=\"https:\/\/pulsschlag24.com\/wp-content\/uploads\/2025\/06\/pulsschlag24-ueber-uns-4.jpg\" data-width=\"1200\" data-height=\"1600\" aria-label=\"Pulsschlag24\" role=\"img\" ><\/div>\n\t\t\t\t\t\t\t\t\t\t\t\t\t\t<\/a>\n\t\t\t\t\t\t\t<a class=\"e-gallery-item elementor-gallery-item elementor-animated-content\" href=\"https:\/\/pulsschlag24.com\/wp-content\/uploads\/2025\/06\/pulsschlag24-ueber-uns-2.jpg\" data-elementor-open-lightbox=\"yes\" data-elementor-lightbox-slideshow=\"9737377\" data-elementor-lightbox-title=\"Pulsschlag24\" data-e-action-hash=\"#elementor-action%3Aaction%3Dlightbox%26settings%3DeyJpZCI6MTY2OCwidXJsIjoiaHR0cHM6XC9cL3B1bHNzY2hsYWcyNC5jb21cL3dwLWNvbnRlbnRcL3VwbG9hZHNcLzIwMjVcLzA2XC9wdWxzc2NobGFnMjQtdWViZXItdW5zLTIuanBnIiwic2xpZGVzaG93IjoiOTczNzM3NyJ9\">\n\t\t\t\t\t<div class=\"e-gallery-image elementor-gallery-item__image\" data-thumbnail=\"https:\/\/pulsschlag24.com\/wp-content\/uploads\/2025\/06\/pulsschlag24-ueber-uns-2.jpg\" data-width=\"1600\" data-height=\"1200\" aria-label=\"Pulsschlag24\" role=\"img\" ><\/div>\n\t\t\t\t\t\t\t\t\t\t\t\t\t\t<\/a>\n\t\t\t\t\t<\/div>\n\t\t\t\t\t<\/div>\n\t\t\t\t<\/div>\n\t\t\t\t<\/div>\n\t\t\t\t\t<\/div>\n\t\t\t\t<\/div>\n\t\t\t\t<\/div>\n\t\t","protected":false},"excerpt":{"rendered":"<p>Om os Direkt\u00f8ren har omfattende erfaring med Atacama- og Apollo-produkter og grundlagde virksomheden i april 2025. Ren\u00e9 Joppin, ejer af<\/p>\n","protected":false},"author":1,"featured_media":0,"parent":0,"menu_order":0,"comment_status":"closed","ping_status":"closed","template":"","meta":{"footnotes":""},"class_list":["post-1788","page","type-page","status-publish","hentry"],"_links":{"self":[{"href":"https:\/\/pulsschlag24.com\/da\/wp-json\/wp\/v2\/pages\/1788","targetHints":{"allow":["GET"]}}],"collection":[{"href":"https:\/\/pulsschlag24.com\/da\/wp-json\/wp\/v2\/pages"}],"about":[{"href":"https:\/\/pulsschlag24.com\/da\/wp-json\/wp\/v2\/types\/page"}],"author":[{"embeddable":true,"href":"https:\/\/pulsschlag24.com\/da\/wp-json\/wp\/v2\/users\/1"}],"replies":[{"embeddable":true,"href":"https:\/\/pulsschlag24.com\/da\/wp-json\/wp\/v2\/comments?post=1788"}],"version-history":[{"count":0,"href":"https:\/\/pulsschlag24.com\/da\/wp-json\/wp\/v2\/pages\/1788\/revisions"}],"wp:attachment":[{"href":"https:\/\/pulsschlag24.com\/da\/wp-json\/wp\/v2\/media?parent=1788"}],"curies":[{"name":"wp","href":"https:\/\/api.w.org\/{rel}","templated":true}]}}