{"id":1786,"date":"2025-07-09T11:11:39","date_gmt":"2025-07-09T09:11:39","guid":{"rendered":"https:\/\/pulsschlag24.com\/kontakte\/"},"modified":"2026-02-17T14:04:23","modified_gmt":"2026-02-17T13:04:23","slug":"kontakte","status":"publish","type":"page","link":"https:\/\/pulsschlag24.com\/da\/kontakte\/","title":{"rendered":"Kontakte"},"content":{"rendered":"\t\t<div data-elementor-type=\"wp-page\" data-elementor-id=\"1786\" class=\"elementor elementor-1786 elementor-1711\" data-elementor-post-type=\"page\">\n\t\t\t\t<div class=\"wd-negative-gap elementor-element elementor-element-5670677 e-flex e-con-boxed e-con e-parent\" data-id=\"5670677\" data-element_type=\"container\" data-e-type=\"container\">\n\t\t\t\t\t<div class=\"e-con-inner\">\n\t\t<div class=\"elementor-element elementor-element-abc137f e-con-full e-flex e-con e-child\" data-id=\"abc137f\" data-element_type=\"container\" data-e-type=\"container\">\n\t\t\t\t<div class=\"elementor-element elementor-element-ca83fe3 elementor-widget elementor-widget-heading\" data-id=\"ca83fe3\" data-element_type=\"widget\" data-e-type=\"widget\" data-widget_type=\"heading.default\">\n\t\t\t\t<div class=\"elementor-widget-container\">\n\t\t\t\t\t<h1 class=\"elementor-heading-title elementor-size-default\">Kontakte<\/h1>\t\t\t\t<\/div>\n\t\t\t\t<\/div>\n\t\t\t\t<div class=\"elementor-element elementor-element-c900bd4 color-scheme-inherit text-left elementor-widget elementor-widget-text-editor\" data-id=\"c900bd4\" data-element_type=\"widget\" data-e-type=\"widget\" data-widget_type=\"text-editor.default\">\n\t\t\t\t<div class=\"elementor-widget-container\">\n\t\t\t\t\t\t\t\t\t<p>Ved sp\u00f8rgsm\u00e5l, forslag eller bestillinger er du velkommen til at kontakte os p\u00e5:<\/p><p>Pulsschlag24<br>Ejer: Ren\u00e9 Joppin<br>Rathausstra\u00dfe 67<br>04416 Markkleeberg<br>GERMANY<\/p><p>Telefon: <a href=\"tel:+4934186399400\">+49 341 86 39 94 00<\/a><br>Mobil: <a href=\"tel:+4915168406924\">+49 151 68 40 69 24<\/a><br>E-Mail: <a href=\"mailto:info@pulsschlag24.com\">info@pulsschlag24.com<\/a><\/p>\t\t\t\t\t\t\t\t<\/div>\n\t\t\t\t<\/div>\n\t\t\t\t<\/div>\n\t\t<div class=\"elementor-element elementor-element-262be9b e-con-full e-flex e-con e-child\" data-id=\"262be9b\" data-element_type=\"container\" data-e-type=\"container\">\n\t\t\t\t<div class=\"elementor-element elementor-element-564167b elementor-widget elementor-widget-html\" data-id=\"564167b\" data-element_type=\"widget\" data-e-type=\"widget\" data-widget_type=\"html.default\">\n\t\t\t\t<div class=\"elementor-widget-container\">\n\t\t\t\t\t <div class=\"brlbs-cmpnt-container brlbs-cmpnt-content-blocker brlbs-cmpnt-with-individual-styles\" data-borlabs-cookie-content-blocker-id=\"default\" data-borlabs-cookie-content=\"PGlmcmFtZSBzcmM9Imh0dHBzOi8vd3d3Lmdvb2dsZS5jb20vbWFwcy9lbWJlZD9wYj0hMW0xOCExbTEyITFtMyExZDI0OTUuNzM1MTczNTI3ODM5NCEyZDEyLjM1OTIyMjM3NzE5Njg2MSEzZDUxLjI3OTE5MzY3MTc2MjI2ITJtMyExZjAhMmYwITNmMCEzbTIhMWkxMDI0ITJpNzY4ITRmMTMuMSEzbTMhMW0yITFzMHg0N2E2ZmJjODYzZDBkNDUzJTNBMHhmYTA4YmYwOTBhZTRjMmZiITJzUHVsc3NjaGxhZzI0ITVlMCEzbTIhMXNkZSEyc2RlITR2MTc1MjA1MjcwMjEyMSE1bTIhMXNkZSEyc2RlIiB3aWR0aD0iNDAwIiBoZWlnaHQ9IjMwMCIgc3R5bGU9ImJvcmRlcjowOyIgYWxsb3dmdWxsc2NyZWVuPSIiIGxvYWRpbmc9ImxhenkiIHJlZmVycmVycG9saWN5PSJuby1yZWZlcnJlci13aGVuLWRvd25ncmFkZSI+PC9pZnJhbWU+\"><div class=\"brlbs-cmpnt-cb-preset-a\"> <p class=\"brlbs-cmpnt-cb-description\">Du ser i \u00f8jeblikket pladsholderindhold fra <strong>Standard<\/strong>. Klik p\u00e5 knappen nedenfor for at f\u00e5 adgang til det faktiske indhold. V\u00e6r opm\u00e6rksom p\u00e5, at dette vil dele data med tredjepartsudbydere.<\/p> <div class=\"brlbs-cmpnt-cb-buttons\"> <a class=\"brlbs-cmpnt-cb-btn\" href=\"#\" data-borlabs-cookie-unblock role=\"button\">Fjern indholdsblokering<\/a> <a class=\"brlbs-cmpnt-cb-btn\" href=\"#\" data-borlabs-cookie-accept-service role=\"button\" style=\"display: none\">Accept\u00e9r p\u00e5kr\u00e6vet service, og fjern indholdsblokering<\/a> <\/div> <a class=\"brlbs-cmpnt-cb-provider-toggle\" href=\"#\" data-borlabs-cookie-show-provider-information role=\"button\">Flere oplysninger<\/a> <\/div><\/div>\t\t\t\t<\/div>\n\t\t\t\t<\/div>\n\t\t\t\t<\/div>\n\t\t\t\t\t<\/div>\n\t\t\t\t<\/div>\n\t\t\t\t<\/div>\n\t\t","protected":false},"excerpt":{"rendered":"<p>Kontakte Ved sp\u00f8rgsm\u00e5l, forslag eller bestillinger er du velkommen til at kontakte os p\u00e5: Pulsschlag24 Ejer: Ren\u00e9 Joppin Rathausstra\u00dfe 67<\/p>\n","protected":false},"author":1,"featured_media":0,"parent":0,"menu_order":0,"comment_status":"closed","ping_status":"closed","template":"","meta":{"footnotes":""},"class_list":["post-1786","page","type-page","status-publish","hentry"],"_links":{"self":[{"href":"https:\/\/pulsschlag24.com\/da\/wp-json\/wp\/v2\/pages\/1786","targetHints":{"allow":["GET"]}}],"collection":[{"href":"https:\/\/pulsschlag24.com\/da\/wp-json\/wp\/v2\/pages"}],"about":[{"href":"https:\/\/pulsschlag24.com\/da\/wp-json\/wp\/v2\/types\/page"}],"author":[{"embeddable":true,"href":"https:\/\/pulsschlag24.com\/da\/wp-json\/wp\/v2\/users\/1"}],"replies":[{"embeddable":true,"href":"https:\/\/pulsschlag24.com\/da\/wp-json\/wp\/v2\/comments?post=1786"}],"version-history":[{"count":0,"href":"https:\/\/pulsschlag24.com\/da\/wp-json\/wp\/v2\/pages\/1786\/revisions"}],"wp:attachment":[{"href":"https:\/\/pulsschlag24.com\/da\/wp-json\/wp\/v2\/media?parent=1786"}],"curies":[{"name":"wp","href":"https:\/\/api.w.org\/{rel}","templated":true}]}}